{"id":134,"date":"2023-01-31T17:25:12","date_gmt":"2023-01-31T17:25:12","guid":{"rendered":"https:\/\/rheconcept.net\/?page_id=134"},"modified":"2023-08-23T11:20:26","modified_gmt":"2023-08-23T11:20:26","slug":"onduleurs","status":"publish","type":"page","link":"https:\/\/rheconcept.net\/index.php\/onduleurs\/","title":{"rendered":"Onduleurs"},"content":{"rendered":"\n<p class=\"has-white-color has-vivid-purple-background-color has-text-color has-background has-medium-font-size\">Nous fabriquons des onduleurs pour les sites isol\u00e9s et raccord\u00e9s au r\u00e9seau \u00e9lectrique. La gamme de puissance commence de 300W jusqu&#8217;\u00e0 100 kW. La t\u00e9chnologie RHE-MPPT leur conf\u00e8re une grande efficacit\u00e9. Les bo\u00eetiers onduleurs sont robustes et \u00e9tanches. Vous pouvez les installer pour fonctionner sous des conditions climatiques s\u00e9v\u00e8res. Nous avons des onduleurs pour la g\u00e9n\u00e9ration d&#8217;\u00e9lectricit\u00e9 en sites isol\u00e9s ou raccord\u00e9s et pour le pompage solaire.<\/p>\n\n\n\n<h2 class=\"wp-block-heading has-black-color has-white-background-color has-text-color has-background has-medium-font-size\" style=\"font-style:normal;font-weight:400\">Technologie des onduleurs:<\/h2>\n\n\n\n<p class=\"has-white-color has-vivid-purple-background-color has-text-color has-background has-medium-font-size\">Pour fabriquer nos onduleurs photovolta\u00efques, nous utilisons notre technologie RHE-MPPT. Parceque, contrairement aux produits destin\u00e9s au r\u00e9seau \u00e9lectrique, la tension et le courant sont changeants en \u00e9nergie photovolta\u00efque. En effet selon le site, le moment du jour et la saison ces param\u00e8tres changent avec l&#8217;irradiation solaire. Alors nous devont utiliser la technologie solaire appropri\u00e9e au fil du soleil RHE-MPPT.<\/p>\n\n\n\n<h2 class=\"wp-block-heading has-black-color has-white-background-color has-text-color has-background has-medium-font-size\" style=\"font-style:normal;font-weight:400\">N\u00e9cessites pour un bon onduleur:<\/h2>\n\n\n\n<p class=\"has-white-color has-vivid-purple-background-color has-text-color has-background has-medium-font-size\">Un bon onduleur se doit \u00eatre efficace pour faciliter l&#8217;amortissement. Il doit \u00eatre \u00e9tanche pour installation \u00e0 l&#8217;ext\u00e9rieur \u00e0 proximit\u00e9 des panneaux photovolta\u00efques. En autre il doit \u00eatre sensible et facilement utilisable. Un bon onduleur est capable de g\u00e9rer de nombreuses strings de panneaux solaires sans bo\u00eete externe.<\/p>\n\n\n\n<h2 class=\"wp-block-heading has-black-color has-white-background-color has-text-color has-background has-medium-font-size\" style=\"font-style:normal;font-weight:400\">Caract\u00e9ristiques des onduleur RHE:<\/h2>\n\n\n\n<p class=\"has-white-color has-vivid-purple-background-color has-text-color has-background has-medium-font-size\">Les onduleurs RHE ont un rendement de 45% sup\u00e9rieur. Ils d\u00e9marrent et s&#8217;arr\u00eatent automatiquement au fil du solail. Ils convertissent les rayons lumnieux en \u00e9lectricit\u00e9 pendant que vous faites votre travail. Le plus gros de la gamme accepte jusqu&#8217;\u00e0 23 strings de panneaux solaires sans aucune bo\u00eete externe. Ce qui repr\u00e9sente 123 kW. En plus nos bo\u00eetiers dissipateurs sont \u00e9tanches. Ils sont IP 68. Par cons\u00e9quent vous n&#8217;avez pas besoin d&#8217;un local sp\u00e9cial pour les installer. Une fois install\u00e9s sous les panneaux solaires, vous \u00e9vitez de gros c\u00e2bles pour transporter le courant continu g\u00e9n\u00e9r\u00e9 jusqu&#8217;au local sp\u00e9cial.<\/p>\n\n\n\n<h2 class=\"wp-block-heading has-black-color has-white-background-color has-text-color has-background has-medium-font-size\" style=\"font-style:normal;font-weight:400\">Gamme d&#8217;onduleurs :<\/h2>\n\n\n\n<p class=\"has-white-color has-vivid-purple-background-color has-text-color has-background has-medium-font-size\">Nous offrons trois types d&#8217;onduleurs. Il sont destin\u00e9s pour les sites raccord\u00e9s au r\u00e9seau \u00e9lectrique, les sites isol\u00e9s et pour le pompage solaire. La gamme en pompage solaire se divise en deux. Les mod\u00e8les pour puissance allant \u00e0 3kW dits smart onduleurs et la gamme de puissance sup\u00e9rieure \u00e0 3kW dits mod\u00e8les de puissances.<\/p>\n\n\n\n<div class=\"wp-block-buttons is-content-justification-center is-layout-flex wp-container-core-buttons-is-layout-1 wp-block-buttons-is-layout-flex\">\n<div class=\"wp-block-button has-custom-width wp-block-button__width-25 has-custom-font-size is-style-fill has-medium-font-size\"><a class=\"wp-block-button__link wp-element-button\" href=\"www.rheconcept.net\/onduleurs\" target=\"_blank\" rel=\"noreferrer noopener\">Rafraichir<\/a><\/div>\n\n\n\n<div class=\"wp-block-button has-custom-width wp-block-button__width-25 has-custom-font-size has-medium-font-size\"><a class=\"wp-block-button__link wp-element-button\" href=\"https:\/\/youtu.be\/kmQ7VW-NkjI\" target=\"_blank\" rel=\"noreferrer noopener\">vid\u00e9os<\/a><\/div>\n<\/div>\n","protected":false},"excerpt":{"rendered":"<p>Nous fabriquons des onduleurs pour les sites isol\u00e9s et raccord\u00e9s au r\u00e9seau \u00e9lectrique. La gamme de puissance commence de 300W jusqu&#8217;\u00e0 100 kW. La t\u00e9chnologie RHE-MPPT leur conf\u00e8re une grande efficacit\u00e9. Les bo\u00eetiers onduleurs sont robustes et \u00e9tanches. Vous pouvez les installer pour fonctionner sous des conditions climatiques s\u00e9v\u00e8res. Nous&hellip;<a href=\"https:\/\/rheconcept.net\/index.php\/onduleurs\/\" class=\"more-link\"><span class=\"more-button\">Lisez plus<span class=\"screen-reader-text\">Onduleurs<\/span><\/span><\/a><\/p>\n","protected":false},"author":1,"featured_media":761,"parent":0,"menu_order":0,"comment_status":"closed","ping_status":"closed","template":"","meta":{"_pvb_checkbox_block_on_post":false,"footnotes":""},"class_list":["post-134","page","type-page","status-publish","has-post-thumbnail","hentry"],"yoast_head":"<!-- This site is optimized with the Yoast SEO Premium plugin v23.1 (Yoast SEO v23.1) - https:\/\/yoast.com\/wordpress\/plugins\/seo\/ -->\n<title>Onduleurs onduleurs efficaces www.rheconcept.net<\/title>\n<meta name=\"description\" content=\"Les onduleurs sont les pi\u00e8ces maitresses de toute installation solaire. Plus ils sont efficaces, plus vite vous amortirez vos installations.\" \/>\n<meta name=\"robots\" content=\"index, follow, max-snippet:-1, max-image-preview:large, max-video-preview:-1\" \/>\n<link rel=\"canonical\" href=\"https:\/\/rheconcept.net\/index.php\/onduleurs\/\" \/>\n<meta property=\"og:locale\" content=\"en_US\" \/>\n<meta property=\"og:type\" content=\"article\" \/>\n<meta property=\"og:title\" content=\"Onduleurs\" \/>\n<meta property=\"og:description\" content=\"Les onduleurs sont les pi\u00e8ces maitresses de toute installation solaire. Plus ils sont efficaces, plus vite vous amortirez vos installations.\" \/>\n<meta property=\"og:url\" content=\"https:\/\/rheconcept.net\/index.php\/onduleurs\/\" \/>\n<meta property=\"og:site_name\" content=\"Vos solutions solaires efficaces\" \/>\n<meta property=\"article:modified_time\" content=\"2023-08-23T11:20:26+00:00\" \/>\n<meta property=\"og:image\" content=\"https:\/\/rheconcept.net\/wp-content\/uploads\/2023\/02\/20190826_115654-scaled.jpg\" \/>\n\t<meta property=\"og:image:width\" content=\"2560\" \/>\n\t<meta property=\"og:image:height\" content=\"1920\" \/>\n\t<meta property=\"og:image:type\" content=\"image\/jpeg\" \/>\n<meta name=\"twitter:card\" content=\"summary_large_image\" \/>\n<meta name=\"twitter:label1\" content=\"Est. reading time\" \/>\n\t<meta name=\"twitter:data1\" content=\"2 minutes\" \/>\n<script type=\"application\/ld+json\" class=\"yoast-schema-graph\">{\"@context\":\"https:\/\/schema.org\",\"@graph\":[{\"@type\":\"WebPage\",\"@id\":\"https:\/\/rheconcept.net\/index.php\/onduleurs\/\",\"url\":\"https:\/\/rheconcept.net\/index.php\/onduleurs\/\",\"name\":\"Onduleurs onduleurs efficaces www.rheconcept.net\",\"isPartOf\":{\"@id\":\"https:\/\/rheconcept.net\/#website\"},\"primaryImageOfPage\":{\"@id\":\"https:\/\/rheconcept.net\/index.php\/onduleurs\/#primaryimage\"},\"image\":{\"@id\":\"https:\/\/rheconcept.net\/index.php\/onduleurs\/#primaryimage\"},\"thumbnailUrl\":\"https:\/\/rheconcept.net\/wp-content\/uploads\/2023\/02\/20190826_115654-scaled.jpg\",\"datePublished\":\"2023-01-31T17:25:12+00:00\",\"dateModified\":\"2023-08-23T11:20:26+00:00\",\"description\":\"Les onduleurs sont les pi\u00e8ces maitresses de toute installation solaire. Plus ils sont efficaces, plus vite vous amortirez vos installations.\",\"breadcrumb\":{\"@id\":\"https:\/\/rheconcept.net\/index.php\/onduleurs\/#breadcrumb\"},\"inLanguage\":\"en-US\",\"potentialAction\":[{\"@type\":\"ReadAction\",\"target\":[\"https:\/\/rheconcept.net\/index.php\/onduleurs\/\"]}]},{\"@type\":\"ImageObject\",\"inLanguage\":\"en-US\",\"@id\":\"https:\/\/rheconcept.net\/index.php\/onduleurs\/#primaryimage\",\"url\":\"https:\/\/rheconcept.net\/wp-content\/uploads\/2023\/02\/20190826_115654-scaled.jpg\",\"contentUrl\":\"https:\/\/rheconcept.net\/wp-content\/uploads\/2023\/02\/20190826_115654-scaled.jpg\",\"width\":2560,\"height\":1920,\"caption\":\"slide onduleur\"},{\"@type\":\"BreadcrumbList\",\"@id\":\"https:\/\/rheconcept.net\/index.php\/onduleurs\/#breadcrumb\",\"itemListElement\":[{\"@type\":\"ListItem\",\"position\":1,\"name\":\"Home\",\"item\":\"https:\/\/rheconcept.net\/\"},{\"@type\":\"ListItem\",\"position\":2,\"name\":\"Onduleurs\"}]},{\"@type\":\"WebSite\",\"@id\":\"https:\/\/rheconcept.net\/#website\",\"url\":\"https:\/\/rheconcept.net\/\",\"name\":\"Vos solutions solaires efficaces\",\"description\":\"www.rheconcept.net \",\"publisher\":{\"@id\":\"https:\/\/rheconcept.net\/#organization\"},\"potentialAction\":[{\"@type\":\"SearchAction\",\"target\":{\"@type\":\"EntryPoint\",\"urlTemplate\":\"https:\/\/rheconcept.net\/?s={search_term_string}\"},\"query-input\":\"required name=search_term_string\"}],\"inLanguage\":\"en-US\"},{\"@type\":\"Organization\",\"@id\":\"https:\/\/rheconcept.net\/#organization\",\"name\":\"Vos solutions solaires efficaces\",\"url\":\"https:\/\/rheconcept.net\/\",\"logo\":{\"@type\":\"ImageObject\",\"inLanguage\":\"en-US\",\"@id\":\"https:\/\/rheconcept.net\/#\/schema\/logo\/image\/\",\"url\":\"https:\/\/rheconcept.net\/wp-content\/uploads\/2023\/01\/Logo-2023-e1675518705647.png\",\"contentUrl\":\"https:\/\/rheconcept.net\/wp-content\/uploads\/2023\/01\/Logo-2023-e1675518705647.png\",\"width\":65,\"height\":67,\"caption\":\"Vos solutions solaires efficaces\"},\"image\":{\"@id\":\"https:\/\/rheconcept.net\/#\/schema\/logo\/image\/\"},\"sameAs\":[\"https:\/\/www.youtube.com\"]}]}<\/script>\n<!-- \/ Yoast SEO Premium plugin. -->","yoast_head_json":{"title":"Onduleurs onduleurs efficaces www.rheconcept.net","description":"Les onduleurs sont les pi\u00e8ces maitresses de toute installation solaire. Plus ils sont efficaces, plus vite vous amortirez vos installations.","robots":{"index":"index","follow":"follow","max-snippet":"max-snippet:-1","max-image-preview":"max-image-preview:large","max-video-preview":"max-video-preview:-1"},"canonical":"https:\/\/rheconcept.net\/index.php\/onduleurs\/","og_locale":"en_US","og_type":"article","og_title":"Onduleurs","og_description":"Les onduleurs sont les pi\u00e8ces maitresses de toute installation solaire. Plus ils sont efficaces, plus vite vous amortirez vos installations.","og_url":"https:\/\/rheconcept.net\/index.php\/onduleurs\/","og_site_name":"Vos solutions solaires efficaces","article_modified_time":"2023-08-23T11:20:26+00:00","og_image":[{"width":2560,"height":1920,"url":"https:\/\/rheconcept.net\/wp-content\/uploads\/2023\/02\/20190826_115654-scaled.jpg","type":"image\/jpeg"}],"twitter_card":"summary_large_image","twitter_misc":{"Est. reading time":"2 minutes"},"schema":{"@context":"https:\/\/schema.org","@graph":[{"@type":"WebPage","@id":"https:\/\/rheconcept.net\/index.php\/onduleurs\/","url":"https:\/\/rheconcept.net\/index.php\/onduleurs\/","name":"Onduleurs onduleurs efficaces www.rheconcept.net","isPartOf":{"@id":"https:\/\/rheconcept.net\/#website"},"primaryImageOfPage":{"@id":"https:\/\/rheconcept.net\/index.php\/onduleurs\/#primaryimage"},"image":{"@id":"https:\/\/rheconcept.net\/index.php\/onduleurs\/#primaryimage"},"thumbnailUrl":"https:\/\/rheconcept.net\/wp-content\/uploads\/2023\/02\/20190826_115654-scaled.jpg","datePublished":"2023-01-31T17:25:12+00:00","dateModified":"2023-08-23T11:20:26+00:00","description":"Les onduleurs sont les pi\u00e8ces maitresses de toute installation solaire. Plus ils sont efficaces, plus vite vous amortirez vos installations.","breadcrumb":{"@id":"https:\/\/rheconcept.net\/index.php\/onduleurs\/#breadcrumb"},"inLanguage":"en-US","potentialAction":[{"@type":"ReadAction","target":["https:\/\/rheconcept.net\/index.php\/onduleurs\/"]}]},{"@type":"ImageObject","inLanguage":"en-US","@id":"https:\/\/rheconcept.net\/index.php\/onduleurs\/#primaryimage","url":"https:\/\/rheconcept.net\/wp-content\/uploads\/2023\/02\/20190826_115654-scaled.jpg","contentUrl":"https:\/\/rheconcept.net\/wp-content\/uploads\/2023\/02\/20190826_115654-scaled.jpg","width":2560,"height":1920,"caption":"slide onduleur"},{"@type":"BreadcrumbList","@id":"https:\/\/rheconcept.net\/index.php\/onduleurs\/#breadcrumb","itemListElement":[{"@type":"ListItem","position":1,"name":"Home","item":"https:\/\/rheconcept.net\/"},{"@type":"ListItem","position":2,"name":"Onduleurs"}]},{"@type":"WebSite","@id":"https:\/\/rheconcept.net\/#website","url":"https:\/\/rheconcept.net\/","name":"Vos solutions solaires efficaces","description":"www.rheconcept.net ","publisher":{"@id":"https:\/\/rheconcept.net\/#organization"},"potentialAction":[{"@type":"SearchAction","target":{"@type":"EntryPoint","urlTemplate":"https:\/\/rheconcept.net\/?s={search_term_string}"},"query-input":"required name=search_term_string"}],"inLanguage":"en-US"},{"@type":"Organization","@id":"https:\/\/rheconcept.net\/#organization","name":"Vos solutions solaires efficaces","url":"https:\/\/rheconcept.net\/","logo":{"@type":"ImageObject","inLanguage":"en-US","@id":"https:\/\/rheconcept.net\/#\/schema\/logo\/image\/","url":"https:\/\/rheconcept.net\/wp-content\/uploads\/2023\/01\/Logo-2023-e1675518705647.png","contentUrl":"https:\/\/rheconcept.net\/wp-content\/uploads\/2023\/01\/Logo-2023-e1675518705647.png","width":65,"height":67,"caption":"Vos solutions solaires efficaces"},"image":{"@id":"https:\/\/rheconcept.net\/#\/schema\/logo\/image\/"},"sameAs":["https:\/\/www.youtube.com"]}]}},"_links":{"self":[{"href":"https:\/\/rheconcept.net\/index.php\/wp-json\/wp\/v2\/pages\/134"}],"collection":[{"href":"https:\/\/rheconcept.net\/index.php\/wp-json\/wp\/v2\/pages"}],"about":[{"href":"https:\/\/rheconcept.net\/index.php\/wp-json\/wp\/v2\/types\/page"}],"author":[{"embeddable":true,"href":"https:\/\/rheconcept.net\/index.php\/wp-json\/wp\/v2\/users\/1"}],"replies":[{"embeddable":true,"href":"https:\/\/rheconcept.net\/index.php\/wp-json\/wp\/v2\/comments?post=134"}],"version-history":[{"count":27,"href":"https:\/\/rheconcept.net\/index.php\/wp-json\/wp\/v2\/pages\/134\/revisions"}],"predecessor-version":[{"id":921,"href":"https:\/\/rheconcept.net\/index.php\/wp-json\/wp\/v2\/pages\/134\/revisions\/921"}],"wp:featuredmedia":[{"embeddable":true,"href":"https:\/\/rheconcept.net\/index.php\/wp-json\/wp\/v2\/media\/761"}],"wp:attachment":[{"href":"https:\/\/rheconcept.net\/index.php\/wp-json\/wp\/v2\/media?parent=134"}],"curies":[{"name":"wp","href":"https:\/\/api.w.org\/{rel}","templated":true}]}}