{"id":260,"date":"2023-02-02T10:24:08","date_gmt":"2023-02-02T10:24:08","guid":{"rendered":"https:\/\/rheconcept.net\/?page_id=260"},"modified":"2024-07-12T17:49:19","modified_gmt":"2024-07-12T17:49:19","slug":"licence","status":"publish","type":"page","link":"https:\/\/rheconcept.net\/index.php\/licence\/","title":{"rendered":"Licence"},"content":{"rendered":"\n<p class=\"has-white-color has-vivid-purple-background-color has-text-color has-background has-medium-font-size\">Pour les pays ayant un \u00e9cart important entre leur devise locale et la devise Europ\u00e9enne, il est alors difficile d&#8217;acheter. Pour combler cet \u00e9cart nous proposons une fabrication sous licence et locale qui va r\u00e9duire les co\u00fbts de production. Nous pouvons aussi servir des clients justifiant d&#8217;un besoin important ou celui d&#8217;un int\u00e9grateur en \u00e9quipements pour \u00e9nergie renouvelable.<\/p>\n\n\n\n<h2 class=\"wp-block-heading has-black-color has-white-background-color has-text-color has-background has-medium-font-size\" id=\"h-produits-concernes-pour-une-licence\" style=\"font-style:normal;font-weight:400\">Produits concern\u00e9s pour une licence:<\/h2>\n\n\n\n<p class=\"has-white-color has-vivid-purple-background-color has-text-color has-background has-medium-font-size\">Nous proposons des licences pour la fabrication en lacale pour les onduleurs, les r\u00e9gulateurs solaires, panneaux solaires intelligents et les micro-ondes solaires. Ces produits sont des produits de base de nombreuses demandes en energie propre. Par cons\u00e9quent il est plus facile de justifier son investissement.<\/p>\n\n\n\n<h2 class=\"wp-block-heading has-black-color has-white-background-color has-text-color has-background has-medium-font-size\" id=\"h-demarches-pour-une-licence\" style=\"font-style:normal;font-weight:400\">D\u00e9marches pour une licence: <\/h2>\n\n\n\n<p class=\"has-white-color has-vivid-purple-background-color has-text-color has-background has-medium-font-size\">Nous \u00e9tudions votre demande. Une analyse de faisabilit\u00e9 est chiffr\u00e9e et transmise \u00e0 votre approbation. Puis une visite \u00e0 votre site est organis\u00e9e. Avant celle-ci, nous pourrons \u00e9changer en vid\u00e9o conf\u00e9rence.<\/p>\n\n\n\n<h2 class=\"wp-block-heading has-black-color has-white-background-color has-text-color has-background has-medium-font-size\" id=\"h-prestations-et-protections\" style=\"font-style:normal;font-weight:400\">Prestations et Protections :<\/h2>\n\n\n\n<p class=\"has-white-color has-vivid-purple-background-color has-text-color has-background has-medium-font-size\">Nous offrons une prestation partielle ou compl\u00e8te. Vous disposerez des dossiers de fabrication d\u00e9taill\u00e9s et d&#8217;un suivi logiciel \u00e9volutif. Par contre la propri\u00e9te intellectuelle reste la notre. En aucun cas , elle peut \u00eatre vendue ou confi\u00e9e \u00e0 tout autre partie. Vous fournissez le local avec toutes les commodit\u00e9s. Nous fournissons la licence de production avec les \u00e9quipements de production. En agissant de la sorte les responsabilit\u00e9s sont clairement d\u00e9finies.<\/p>\n\n\n\n<h2 class=\"wp-block-heading has-black-color has-white-background-color has-text-color has-background has-medium-font-size\" id=\"h-licence-evolutive\" style=\"font-style:normal;font-weight:400\">Licence \u00e9volutive:<\/h2>\n\n\n\n<p class=\"has-white-color has-vivid-purple-background-color has-text-color has-background has-medium-font-size\">Pour les Partenaires, nouveaux dans le secteur, nous proposons une int\u00e9gration en deux phases distinctes. Alors ils commenceraient comme distributeur officiel dans un premier temps. Puis dans un second temps il fabriqueront sous licence en locale. Pendant la premi\u00e8re phase des ing\u00e9nieurs RHE peuvent prospecter son march\u00e9 et lui transmettre toutes les demandes clients.<\/p>\n\n\n\n<h2 class=\"wp-block-heading has-black-color has-white-background-color has-text-color has-background has-medium-font-size\" id=\"h-procedures\" style=\"font-style:normal;font-weight:400\">Procedures:<\/h2>\n\n\n\n<p class=\"has-white-color has-vivid-purple-background-color has-text-color has-background has-medium-font-size\">Suite \u00e0 votre demande, une analyse pr\u00e9liminaire est faite par nos agents sur les produits verts, objet de votre requette.  Puis vous receverez une offre compl\u00e8te avec tous les d\u00e9tails. En cas d&#8217;accord un contrat de distribution sera sign\u00e9 et un planning de r\u00e9alisation sera fourni.<\/p>\n\n\n\n<div class=\"wp-block-buttons alignfull is-content-justification-center is-layout-flex wp-container-core-buttons-is-layout-1 wp-block-buttons-is-layout-flex\">\n<div class=\"wp-block-button has-custom-width wp-block-button__width-25 has-custom-font-size has-medium-font-size\"><a class=\"wp-block-button__link wp-element-button\" href=\"https:\/\/rheconcept.net\/contact-2\">Contact<\/a><\/div>\n\n\n\n<div class=\"wp-block-button has-custom-width wp-block-button__width-25 has-custom-font-size is-style-fill has-medium-font-size\"><a class=\"wp-block-button__link wp-element-button\" href=\"https:\/\/youtu.be\/kmQ7VW-NkjI\" style=\"border-radius:32px\"> youtube<\/a><\/div>\n<\/div>\n","protected":false},"excerpt":{"rendered":"<p>Pour les pays ayant un \u00e9cart important entre leur devise locale et la devise Europ\u00e9enne, il est alors difficile d&#8217;acheter. Pour combler cet \u00e9cart nous proposons une fabrication sous licence et locale qui va r\u00e9duire les co\u00fbts de production. Nous pouvons aussi servir des clients justifiant d&#8217;un besoin important ou&hellip;<a href=\"https:\/\/rheconcept.net\/index.php\/licence\/\" class=\"more-link\"><span class=\"more-button\">Lisez plus<span class=\"screen-reader-text\">Licence<\/span><\/span><\/a><\/p>\n","protected":false},"author":1,"featured_media":52,"parent":0,"menu_order":0,"comment_status":"closed","ping_status":"closed","template":"","meta":{"_pvb_checkbox_block_on_post":false,"footnotes":""},"class_list":["post-260","page","type-page","status-publish","has-post-thumbnail","hentry"],"yoast_head":"<!-- This site is optimized with the Yoast SEO Premium plugin v23.1 (Yoast SEO v23.1) - https:\/\/yoast.com\/wordpress\/plugins\/seo\/ -->\n<title>Licence - Vos solutions solaires efficaces<\/title>\n<meta name=\"description\" content=\"Une licence permet de fabiquer sur place des produits solaires. Ainsi les co\u00fbts de revient seront r\u00e9duits et la comp\u00e9tence accrue.\" \/>\n<meta name=\"robots\" content=\"index, follow, max-snippet:-1, max-image-preview:large, max-video-preview:-1\" \/>\n<link rel=\"canonical\" href=\"https:\/\/rheconcept.net\/index.php\/licence\/\" \/>\n<meta property=\"og:locale\" content=\"en_US\" \/>\n<meta property=\"og:type\" content=\"article\" \/>\n<meta property=\"og:title\" content=\"Licence\" \/>\n<meta property=\"og:description\" content=\"Une licence permet de fabiquer sur place des produits solaires. Ainsi les co\u00fbts de revient seront r\u00e9duits et la comp\u00e9tence accrue.\" \/>\n<meta property=\"og:url\" content=\"https:\/\/rheconcept.net\/index.php\/licence\/\" \/>\n<meta property=\"og:site_name\" content=\"Vos solutions solaires efficaces\" \/>\n<meta property=\"article:modified_time\" content=\"2024-07-12T17:49:19+00:00\" \/>\n<meta property=\"og:image\" content=\"https:\/\/rheconcept.net\/wp-content\/uploads\/2023\/01\/20180731_193111-scaled-e1675167624683.jpg\" \/>\n\t<meta property=\"og:image:width\" content=\"1996\" \/>\n\t<meta property=\"og:image:height\" content=\"1132\" \/>\n\t<meta property=\"og:image:type\" content=\"image\/jpeg\" \/>\n<meta name=\"twitter:card\" content=\"summary_large_image\" \/>\n<meta name=\"twitter:label1\" content=\"Est. reading time\" \/>\n\t<meta name=\"twitter:data1\" content=\"2 minutes\" \/>\n<script type=\"application\/ld+json\" class=\"yoast-schema-graph\">{\"@context\":\"https:\/\/schema.org\",\"@graph\":[{\"@type\":\"WebPage\",\"@id\":\"https:\/\/rheconcept.net\/index.php\/licence\/\",\"url\":\"https:\/\/rheconcept.net\/index.php\/licence\/\",\"name\":\"Licence - Vos solutions solaires efficaces\",\"isPartOf\":{\"@id\":\"https:\/\/rheconcept.net\/#website\"},\"primaryImageOfPage\":{\"@id\":\"https:\/\/rheconcept.net\/index.php\/licence\/#primaryimage\"},\"image\":{\"@id\":\"https:\/\/rheconcept.net\/index.php\/licence\/#primaryimage\"},\"thumbnailUrl\":\"https:\/\/rheconcept.net\/wp-content\/uploads\/2023\/01\/20180731_193111-scaled-e1675167624683.jpg\",\"datePublished\":\"2023-02-02T10:24:08+00:00\",\"dateModified\":\"2024-07-12T17:49:19+00:00\",\"description\":\"Une licence permet de fabiquer sur place des produits solaires. Ainsi les co\u00fbts de revient seront r\u00e9duits et la comp\u00e9tence accrue.\",\"breadcrumb\":{\"@id\":\"https:\/\/rheconcept.net\/index.php\/licence\/#breadcrumb\"},\"inLanguage\":\"en-US\",\"potentialAction\":[{\"@type\":\"ReadAction\",\"target\":[\"https:\/\/rheconcept.net\/index.php\/licence\/\"]}]},{\"@type\":\"ImageObject\",\"inLanguage\":\"en-US\",\"@id\":\"https:\/\/rheconcept.net\/index.php\/licence\/#primaryimage\",\"url\":\"https:\/\/rheconcept.net\/wp-content\/uploads\/2023\/01\/20180731_193111-scaled-e1675167624683.jpg\",\"contentUrl\":\"https:\/\/rheconcept.net\/wp-content\/uploads\/2023\/01\/20180731_193111-scaled-e1675167624683.jpg\",\"width\":1996,\"height\":1132,\"caption\":\"Carte fill onduleur photovoltaique sous licence\"},{\"@type\":\"BreadcrumbList\",\"@id\":\"https:\/\/rheconcept.net\/index.php\/licence\/#breadcrumb\",\"itemListElement\":[{\"@type\":\"ListItem\",\"position\":1,\"name\":\"Home\",\"item\":\"https:\/\/rheconcept.net\/\"},{\"@type\":\"ListItem\",\"position\":2,\"name\":\"Licence\"}]},{\"@type\":\"WebSite\",\"@id\":\"https:\/\/rheconcept.net\/#website\",\"url\":\"https:\/\/rheconcept.net\/\",\"name\":\"Vos solutions solaires efficaces\",\"description\":\"www.rheconcept.net \",\"publisher\":{\"@id\":\"https:\/\/rheconcept.net\/#organization\"},\"potentialAction\":[{\"@type\":\"SearchAction\",\"target\":{\"@type\":\"EntryPoint\",\"urlTemplate\":\"https:\/\/rheconcept.net\/?s={search_term_string}\"},\"query-input\":\"required name=search_term_string\"}],\"inLanguage\":\"en-US\"},{\"@type\":\"Organization\",\"@id\":\"https:\/\/rheconcept.net\/#organization\",\"name\":\"Vos solutions solaires efficaces\",\"url\":\"https:\/\/rheconcept.net\/\",\"logo\":{\"@type\":\"ImageObject\",\"inLanguage\":\"en-US\",\"@id\":\"https:\/\/rheconcept.net\/#\/schema\/logo\/image\/\",\"url\":\"https:\/\/rheconcept.net\/wp-content\/uploads\/2023\/01\/Logo-2023-e1675518705647.png\",\"contentUrl\":\"https:\/\/rheconcept.net\/wp-content\/uploads\/2023\/01\/Logo-2023-e1675518705647.png\",\"width\":65,\"height\":67,\"caption\":\"Vos solutions solaires efficaces\"},\"image\":{\"@id\":\"https:\/\/rheconcept.net\/#\/schema\/logo\/image\/\"},\"sameAs\":[\"https:\/\/www.youtube.com\"]}]}<\/script>\n<!-- \/ Yoast SEO Premium plugin. -->","yoast_head_json":{"title":"Licence - Vos solutions solaires efficaces","description":"Une licence permet de fabiquer sur place des produits solaires. Ainsi les co\u00fbts de revient seront r\u00e9duits et la comp\u00e9tence accrue.","robots":{"index":"index","follow":"follow","max-snippet":"max-snippet:-1","max-image-preview":"max-image-preview:large","max-video-preview":"max-video-preview:-1"},"canonical":"https:\/\/rheconcept.net\/index.php\/licence\/","og_locale":"en_US","og_type":"article","og_title":"Licence","og_description":"Une licence permet de fabiquer sur place des produits solaires. Ainsi les co\u00fbts de revient seront r\u00e9duits et la comp\u00e9tence accrue.","og_url":"https:\/\/rheconcept.net\/index.php\/licence\/","og_site_name":"Vos solutions solaires efficaces","article_modified_time":"2024-07-12T17:49:19+00:00","og_image":[{"width":1996,"height":1132,"url":"https:\/\/rheconcept.net\/wp-content\/uploads\/2023\/01\/20180731_193111-scaled-e1675167624683.jpg","type":"image\/jpeg"}],"twitter_card":"summary_large_image","twitter_misc":{"Est. reading time":"2 minutes"},"schema":{"@context":"https:\/\/schema.org","@graph":[{"@type":"WebPage","@id":"https:\/\/rheconcept.net\/index.php\/licence\/","url":"https:\/\/rheconcept.net\/index.php\/licence\/","name":"Licence - Vos solutions solaires efficaces","isPartOf":{"@id":"https:\/\/rheconcept.net\/#website"},"primaryImageOfPage":{"@id":"https:\/\/rheconcept.net\/index.php\/licence\/#primaryimage"},"image":{"@id":"https:\/\/rheconcept.net\/index.php\/licence\/#primaryimage"},"thumbnailUrl":"https:\/\/rheconcept.net\/wp-content\/uploads\/2023\/01\/20180731_193111-scaled-e1675167624683.jpg","datePublished":"2023-02-02T10:24:08+00:00","dateModified":"2024-07-12T17:49:19+00:00","description":"Une licence permet de fabiquer sur place des produits solaires. Ainsi les co\u00fbts de revient seront r\u00e9duits et la comp\u00e9tence accrue.","breadcrumb":{"@id":"https:\/\/rheconcept.net\/index.php\/licence\/#breadcrumb"},"inLanguage":"en-US","potentialAction":[{"@type":"ReadAction","target":["https:\/\/rheconcept.net\/index.php\/licence\/"]}]},{"@type":"ImageObject","inLanguage":"en-US","@id":"https:\/\/rheconcept.net\/index.php\/licence\/#primaryimage","url":"https:\/\/rheconcept.net\/wp-content\/uploads\/2023\/01\/20180731_193111-scaled-e1675167624683.jpg","contentUrl":"https:\/\/rheconcept.net\/wp-content\/uploads\/2023\/01\/20180731_193111-scaled-e1675167624683.jpg","width":1996,"height":1132,"caption":"Carte fill onduleur photovoltaique sous licence"},{"@type":"BreadcrumbList","@id":"https:\/\/rheconcept.net\/index.php\/licence\/#breadcrumb","itemListElement":[{"@type":"ListItem","position":1,"name":"Home","item":"https:\/\/rheconcept.net\/"},{"@type":"ListItem","position":2,"name":"Licence"}]},{"@type":"WebSite","@id":"https:\/\/rheconcept.net\/#website","url":"https:\/\/rheconcept.net\/","name":"Vos solutions solaires efficaces","description":"www.rheconcept.net ","publisher":{"@id":"https:\/\/rheconcept.net\/#organization"},"potentialAction":[{"@type":"SearchAction","target":{"@type":"EntryPoint","urlTemplate":"https:\/\/rheconcept.net\/?s={search_term_string}"},"query-input":"required name=search_term_string"}],"inLanguage":"en-US"},{"@type":"Organization","@id":"https:\/\/rheconcept.net\/#organization","name":"Vos solutions solaires efficaces","url":"https:\/\/rheconcept.net\/","logo":{"@type":"ImageObject","inLanguage":"en-US","@id":"https:\/\/rheconcept.net\/#\/schema\/logo\/image\/","url":"https:\/\/rheconcept.net\/wp-content\/uploads\/2023\/01\/Logo-2023-e1675518705647.png","contentUrl":"https:\/\/rheconcept.net\/wp-content\/uploads\/2023\/01\/Logo-2023-e1675518705647.png","width":65,"height":67,"caption":"Vos solutions solaires efficaces"},"image":{"@id":"https:\/\/rheconcept.net\/#\/schema\/logo\/image\/"},"sameAs":["https:\/\/www.youtube.com"]}]}},"_links":{"self":[{"href":"https:\/\/rheconcept.net\/index.php\/wp-json\/wp\/v2\/pages\/260"}],"collection":[{"href":"https:\/\/rheconcept.net\/index.php\/wp-json\/wp\/v2\/pages"}],"about":[{"href":"https:\/\/rheconcept.net\/index.php\/wp-json\/wp\/v2\/types\/page"}],"author":[{"embeddable":true,"href":"https:\/\/rheconcept.net\/index.php\/wp-json\/wp\/v2\/users\/1"}],"replies":[{"embeddable":true,"href":"https:\/\/rheconcept.net\/index.php\/wp-json\/wp\/v2\/comments?post=260"}],"version-history":[{"count":21,"href":"https:\/\/rheconcept.net\/index.php\/wp-json\/wp\/v2\/pages\/260\/revisions"}],"predecessor-version":[{"id":994,"href":"https:\/\/rheconcept.net\/index.php\/wp-json\/wp\/v2\/pages\/260\/revisions\/994"}],"wp:featuredmedia":[{"embeddable":true,"href":"https:\/\/rheconcept.net\/index.php\/wp-json\/wp\/v2\/media\/52"}],"wp:attachment":[{"href":"https:\/\/rheconcept.net\/index.php\/wp-json\/wp\/v2\/media?parent=260"}],"curies":[{"name":"wp","href":"https:\/\/api.w.org\/{rel}","templated":true}]}}