{"id":428,"date":"2023-02-05T12:22:02","date_gmt":"2023-02-05T12:22:02","guid":{"rendered":"https:\/\/rheconcept.net\/?page_id=428"},"modified":"2024-07-12T17:19:00","modified_gmt":"2024-07-12T17:19:00","slug":"distribution","status":"publish","type":"page","link":"https:\/\/rheconcept.net\/index.php\/distribution\/","title":{"rendered":"Distribution"},"content":{"rendered":"\n<p class=\"has-white-color has-vivid-purple-background-color has-text-color has-background has-medium-font-size\">Le distributeur de produits en \u00e9cologie consitue, un partenaire n\u00e9cessaire pour un fabricant. Parceque le fabricant ne peut pas faire du stock sur tous les produits et attendre les commandes clients. Par ailleurs, sans stock le d\u00e9lais du fournisseur est souvent important. \u00c0 ce dernier il faut ajouter le d\u00e9lais d&#8217;importation. Mais h\u00e9las les clients cherchent souvent la disponibilit\u00e9. Par cons\u00e9quent un Distributeur sans stock c&#8217;est comme un commerce de caf\u00e9 sans tables, ni chaises et ni machine \u00e0 caf\u00e9. Dans ce qui suit merci de d\u00e9couvrir les points forts de la distribution.<\/p>\n\n\n\n<h2 class=\"wp-block-heading has-black-color has-white-background-color has-text-color has-background has-medium-font-size\" style=\"font-style:normal;font-weight:400\"><strong>Pourquoi la distribution:<\/strong><\/h2>\n\n\n\n<p class=\"has-white-color has-vivid-purple-background-color has-text-color has-background has-medium-font-size\">Les clients d&#8217;un distributeur se situent dans le bas de la pyramide clients. Ceux-ci sont multiples et le montant de chaque commande est souvent faible, mais r\u00e9p\u00e9titif. Par contre le fournisseur a un co\u00fbt de production \u00e9lev\u00e9 pour ces petites commandes. Le distributeur est aussi proche des clients. Mais le distributeur ne peut pas \u00eatre comp\u00e9titif pour les clients du sommet de la pyramide. Car les clients importants pr\u00e9f\u00e8rent \u00eatre servis en direct par les fournisseurs. Ainsi la distribution trouve sa place !<\/p>\n\n\n\n<h2 class=\"wp-block-heading has-black-color has-white-background-color has-text-color has-background has-medium-font-size\" style=\"font-style:normal;font-weight:400\"><strong>Chiffre d&#8217;affaires en distribution:<\/strong><\/h2>\n\n\n\n<p class=\"has-white-color has-vivid-purple-background-color has-text-color has-background has-medium-font-size\">Le chiffre d&#8217;affaire d\u00e9pend exclusivement de la valeur des solutions, de la rotation du stock et du nombre de vendeurs. Les commandes sp\u00e9ciales vendues hors stock sont tr\u00e8s rares. Par cons\u00e9quent, pour r\u00e9ussir il faut investir et le fabricant n&#8217;est ni un grossiste ni un revendeur de produits solaires.<\/p>\n\n\n\n<h2 class=\"wp-block-heading has-black-color has-white-background-color has-text-color has-background has-medium-font-size\" style=\"font-style:normal;font-weight:400\"><strong>Cr\u00e9dibilit\u00e9 de la repr\u00e9sentation:<\/strong><\/h2>\n\n\n\n<p class=\"has-white-color has-vivid-purple-background-color has-text-color has-background has-medium-font-size\">Pour \u00eatre cr\u00e9dible aux yeux des clients, il faut donner des garanties comme celles du fournisseur. Par cons\u00e9quent, pour ce faire il faut signer un contrat de distribution officiel. Dans ce dernier il y a une proforma pour le stock profil\u00e9 et toutes les clauses n\u00e9cessaires pour un bon distributeur.<\/p>\n\n\n\n<h2 class=\"wp-block-heading has-black-color has-white-background-color has-text-color has-background has-medium-font-size\" style=\"font-style:normal;font-weight:400\"><strong>Formation de la distribution:<\/strong><\/h2>\n\n\n\n<p class=\"has-white-color has-vivid-purple-background-color has-text-color has-background has-medium-font-size\">Nous assurons une formation longue et co\u00fbteuse seulement \u00e0 nos distributeurs officiels. Elle est gratuite pour nos distributeurs qui doivent connaitre dans les d\u00e9tails notre technologie et les techniques d&#8217;installation. Pour ce faire, nous assurons un contact permanent par vid\u00e9o conf\u00e9rence pour r\u00e9pondre \u00e0 vos questions. <\/p>\n\n\n\n<p class=\"has-black-color has-white-background-color has-text-color has-background has-medium-font-size\" style=\"font-style:normal;font-weight:400\"><strong>D\u00e9marches pour la distribution:<\/strong><\/p>\n\n\n\n<p class=\"has-white-color has-vivid-purple-background-color has-text-color has-background has-medium-font-size\">Afin de devenir distributeur, merci de nous adresser votre profile soci\u00e9t\u00e9 et vos attentes. Apr\u00e8s analyse de votre candidature nous revenons vers vous.<\/p>\n\n\n\n<h2 class=\"wp-block-heading has-black-color has-white-background-color has-text-color has-background has-medium-font-size\" style=\"font-style:normal;font-weight:400\"><a href=\"Conclusion:\"><strong>Conclusion:<\/strong><\/a><\/h2>\n\n\n\n<p class=\"has-white-color has-vivid-purple-background-color has-text-color has-background has-medium-font-size\">Un bon distributeur n&#8217;est pas un fabricant. Un fabricant aussi n&#8217;est ni un grossiste encore moins un d\u00e9taillant. A tout chacun son m\u00e9tier.<\/p>\n\n\n\n<div class=\"wp-block-buttons alignfull is-content-justification-center is-layout-flex wp-container-core-buttons-is-layout-1 wp-block-buttons-is-layout-flex\">\n<div class=\"wp-block-button has-custom-width wp-block-button__width-25\"><a class=\"wp-block-button__link wp-element-button\" href=\"www.rheconcept.net\/distribution\/\" target=\"_blank\" rel=\"noreferrer noopener\">Distributeur<\/a><\/div>\n\n\n\n<div class=\"wp-block-button has-custom-width wp-block-button__width-25\"><a class=\"wp-block-button__link wp-element-button\" href=\"https:\/\/youtu.be\/o7CHYIWraHE\" target=\"_blank\" rel=\"noreferrer noopener\">youtube<\/a><\/div>\n\n\n<\/div>\n","protected":false},"excerpt":{"rendered":"<p>Le distributeur de produits en \u00e9cologie consitue, un partenaire n\u00e9cessaire pour un fabricant. Parceque le fabricant ne peut pas faire du stock sur tous les produits et attendre les commandes clients. Par ailleurs, sans stock le d\u00e9lais du fournisseur est souvent important. \u00c0 ce dernier il faut ajouter le d\u00e9lais&hellip;<a href=\"https:\/\/rheconcept.net\/index.php\/distribution\/\" class=\"more-link\"><span class=\"more-button\">Lisez plus<span class=\"screen-reader-text\">Distribution<\/span><\/span><\/a><\/p>\n","protected":false},"author":1,"featured_media":771,"parent":0,"menu_order":0,"comment_status":"closed","ping_status":"closed","template":"","meta":{"_pvb_checkbox_block_on_post":false,"footnotes":""},"class_list":["post-428","page","type-page","status-publish","has-post-thumbnail","hentry"],"yoast_head":"<!-- This site is optimized with the Yoast SEO Premium plugin v23.1 (Yoast SEO v23.1) - https:\/\/yoast.com\/wordpress\/plugins\/seo\/ -->\n<title>Distribution - Vos solutions solaires efficaces<\/title>\n<meta name=\"description\" content=\"La distribution est incontournable pour satisfaire de multiples et r\u00e9p\u00e9titives commandes. Comme fabricant, nous ne disposons pas de stock.\" \/>\n<meta name=\"robots\" content=\"index, follow, max-snippet:-1, max-image-preview:large, max-video-preview:-1\" \/>\n<link rel=\"canonical\" href=\"https:\/\/rheconcept.net\/index.php\/distribution\/\" \/>\n<meta property=\"og:locale\" content=\"en_US\" \/>\n<meta property=\"og:type\" content=\"article\" \/>\n<meta property=\"og:title\" content=\"Distribution\" \/>\n<meta property=\"og:description\" content=\"La distribution est incontournable pour satisfaire de multiples et r\u00e9p\u00e9titives commandes. Comme fabricant, nous ne disposons pas de stock.\" \/>\n<meta property=\"og:url\" content=\"https:\/\/rheconcept.net\/index.php\/distribution\/\" \/>\n<meta property=\"og:site_name\" content=\"Vos solutions solaires efficaces\" \/>\n<meta property=\"article:modified_time\" content=\"2024-07-12T17:19:00+00:00\" \/>\n<meta property=\"og:image\" content=\"https:\/\/rheconcept.net\/wp-content\/uploads\/2023\/02\/20200617_122515-scaled-e1676801445238.jpg\" \/>\n\t<meta property=\"og:image:width\" content=\"1200\" \/>\n\t<meta property=\"og:image:height\" content=\"675\" \/>\n\t<meta property=\"og:image:type\" content=\"image\/jpeg\" \/>\n<meta name=\"twitter:card\" content=\"summary_large_image\" \/>\n<meta name=\"twitter:label1\" content=\"Est. reading time\" \/>\n\t<meta name=\"twitter:data1\" content=\"2 minutes\" \/>\n<script type=\"application\/ld+json\" class=\"yoast-schema-graph\">{\"@context\":\"https:\/\/schema.org\",\"@graph\":[{\"@type\":\"WebPage\",\"@id\":\"https:\/\/rheconcept.net\/index.php\/distribution\/\",\"url\":\"https:\/\/rheconcept.net\/index.php\/distribution\/\",\"name\":\"Distribution - Vos solutions solaires efficaces\",\"isPartOf\":{\"@id\":\"https:\/\/rheconcept.net\/#website\"},\"primaryImageOfPage\":{\"@id\":\"https:\/\/rheconcept.net\/index.php\/distribution\/#primaryimage\"},\"image\":{\"@id\":\"https:\/\/rheconcept.net\/index.php\/distribution\/#primaryimage\"},\"thumbnailUrl\":\"https:\/\/rheconcept.net\/wp-content\/uploads\/2023\/02\/20200617_122515-scaled-e1676801445238.jpg\",\"datePublished\":\"2023-02-05T12:22:02+00:00\",\"dateModified\":\"2024-07-12T17:19:00+00:00\",\"description\":\"La distribution est incontournable pour satisfaire de multiples et r\u00e9p\u00e9titives commandes. Comme fabricant, nous ne disposons pas de stock.\",\"breadcrumb\":{\"@id\":\"https:\/\/rheconcept.net\/index.php\/distribution\/#breadcrumb\"},\"inLanguage\":\"en-US\",\"potentialAction\":[{\"@type\":\"ReadAction\",\"target\":[\"https:\/\/rheconcept.net\/index.php\/distribution\/\"]}]},{\"@type\":\"ImageObject\",\"inLanguage\":\"en-US\",\"@id\":\"https:\/\/rheconcept.net\/index.php\/distribution\/#primaryimage\",\"url\":\"https:\/\/rheconcept.net\/wp-content\/uploads\/2023\/02\/20200617_122515-scaled-e1676801445238.jpg\",\"contentUrl\":\"https:\/\/rheconcept.net\/wp-content\/uploads\/2023\/02\/20200617_122515-scaled-e1676801445238.jpg\",\"width\":1200,\"height\":675,\"caption\":\"www.rheconcept.net\"},{\"@type\":\"BreadcrumbList\",\"@id\":\"https:\/\/rheconcept.net\/index.php\/distribution\/#breadcrumb\",\"itemListElement\":[{\"@type\":\"ListItem\",\"position\":1,\"name\":\"Home\",\"item\":\"https:\/\/rheconcept.net\/\"},{\"@type\":\"ListItem\",\"position\":2,\"name\":\"Distribution\"}]},{\"@type\":\"WebSite\",\"@id\":\"https:\/\/rheconcept.net\/#website\",\"url\":\"https:\/\/rheconcept.net\/\",\"name\":\"Vos solutions solaires efficaces\",\"description\":\"www.rheconcept.net \",\"publisher\":{\"@id\":\"https:\/\/rheconcept.net\/#organization\"},\"potentialAction\":[{\"@type\":\"SearchAction\",\"target\":{\"@type\":\"EntryPoint\",\"urlTemplate\":\"https:\/\/rheconcept.net\/?s={search_term_string}\"},\"query-input\":\"required name=search_term_string\"}],\"inLanguage\":\"en-US\"},{\"@type\":\"Organization\",\"@id\":\"https:\/\/rheconcept.net\/#organization\",\"name\":\"Vos solutions solaires efficaces\",\"url\":\"https:\/\/rheconcept.net\/\",\"logo\":{\"@type\":\"ImageObject\",\"inLanguage\":\"en-US\",\"@id\":\"https:\/\/rheconcept.net\/#\/schema\/logo\/image\/\",\"url\":\"https:\/\/rheconcept.net\/wp-content\/uploads\/2023\/01\/Logo-2023-e1675518705647.png\",\"contentUrl\":\"https:\/\/rheconcept.net\/wp-content\/uploads\/2023\/01\/Logo-2023-e1675518705647.png\",\"width\":65,\"height\":67,\"caption\":\"Vos solutions solaires efficaces\"},\"image\":{\"@id\":\"https:\/\/rheconcept.net\/#\/schema\/logo\/image\/\"},\"sameAs\":[\"https:\/\/www.youtube.com\"]}]}<\/script>\n<!-- \/ Yoast SEO Premium plugin. -->","yoast_head_json":{"title":"Distribution - Vos solutions solaires efficaces","description":"La distribution est incontournable pour satisfaire de multiples et r\u00e9p\u00e9titives commandes. Comme fabricant, nous ne disposons pas de stock.","robots":{"index":"index","follow":"follow","max-snippet":"max-snippet:-1","max-image-preview":"max-image-preview:large","max-video-preview":"max-video-preview:-1"},"canonical":"https:\/\/rheconcept.net\/index.php\/distribution\/","og_locale":"en_US","og_type":"article","og_title":"Distribution","og_description":"La distribution est incontournable pour satisfaire de multiples et r\u00e9p\u00e9titives commandes. Comme fabricant, nous ne disposons pas de stock.","og_url":"https:\/\/rheconcept.net\/index.php\/distribution\/","og_site_name":"Vos solutions solaires efficaces","article_modified_time":"2024-07-12T17:19:00+00:00","og_image":[{"width":1200,"height":675,"url":"https:\/\/rheconcept.net\/wp-content\/uploads\/2023\/02\/20200617_122515-scaled-e1676801445238.jpg","type":"image\/jpeg"}],"twitter_card":"summary_large_image","twitter_misc":{"Est. reading time":"2 minutes"},"schema":{"@context":"https:\/\/schema.org","@graph":[{"@type":"WebPage","@id":"https:\/\/rheconcept.net\/index.php\/distribution\/","url":"https:\/\/rheconcept.net\/index.php\/distribution\/","name":"Distribution - Vos solutions solaires efficaces","isPartOf":{"@id":"https:\/\/rheconcept.net\/#website"},"primaryImageOfPage":{"@id":"https:\/\/rheconcept.net\/index.php\/distribution\/#primaryimage"},"image":{"@id":"https:\/\/rheconcept.net\/index.php\/distribution\/#primaryimage"},"thumbnailUrl":"https:\/\/rheconcept.net\/wp-content\/uploads\/2023\/02\/20200617_122515-scaled-e1676801445238.jpg","datePublished":"2023-02-05T12:22:02+00:00","dateModified":"2024-07-12T17:19:00+00:00","description":"La distribution est incontournable pour satisfaire de multiples et r\u00e9p\u00e9titives commandes. Comme fabricant, nous ne disposons pas de stock.","breadcrumb":{"@id":"https:\/\/rheconcept.net\/index.php\/distribution\/#breadcrumb"},"inLanguage":"en-US","potentialAction":[{"@type":"ReadAction","target":["https:\/\/rheconcept.net\/index.php\/distribution\/"]}]},{"@type":"ImageObject","inLanguage":"en-US","@id":"https:\/\/rheconcept.net\/index.php\/distribution\/#primaryimage","url":"https:\/\/rheconcept.net\/wp-content\/uploads\/2023\/02\/20200617_122515-scaled-e1676801445238.jpg","contentUrl":"https:\/\/rheconcept.net\/wp-content\/uploads\/2023\/02\/20200617_122515-scaled-e1676801445238.jpg","width":1200,"height":675,"caption":"www.rheconcept.net"},{"@type":"BreadcrumbList","@id":"https:\/\/rheconcept.net\/index.php\/distribution\/#breadcrumb","itemListElement":[{"@type":"ListItem","position":1,"name":"Home","item":"https:\/\/rheconcept.net\/"},{"@type":"ListItem","position":2,"name":"Distribution"}]},{"@type":"WebSite","@id":"https:\/\/rheconcept.net\/#website","url":"https:\/\/rheconcept.net\/","name":"Vos solutions solaires efficaces","description":"www.rheconcept.net ","publisher":{"@id":"https:\/\/rheconcept.net\/#organization"},"potentialAction":[{"@type":"SearchAction","target":{"@type":"EntryPoint","urlTemplate":"https:\/\/rheconcept.net\/?s={search_term_string}"},"query-input":"required name=search_term_string"}],"inLanguage":"en-US"},{"@type":"Organization","@id":"https:\/\/rheconcept.net\/#organization","name":"Vos solutions solaires efficaces","url":"https:\/\/rheconcept.net\/","logo":{"@type":"ImageObject","inLanguage":"en-US","@id":"https:\/\/rheconcept.net\/#\/schema\/logo\/image\/","url":"https:\/\/rheconcept.net\/wp-content\/uploads\/2023\/01\/Logo-2023-e1675518705647.png","contentUrl":"https:\/\/rheconcept.net\/wp-content\/uploads\/2023\/01\/Logo-2023-e1675518705647.png","width":65,"height":67,"caption":"Vos solutions solaires efficaces"},"image":{"@id":"https:\/\/rheconcept.net\/#\/schema\/logo\/image\/"},"sameAs":["https:\/\/www.youtube.com"]}]}},"_links":{"self":[{"href":"https:\/\/rheconcept.net\/index.php\/wp-json\/wp\/v2\/pages\/428"}],"collection":[{"href":"https:\/\/rheconcept.net\/index.php\/wp-json\/wp\/v2\/pages"}],"about":[{"href":"https:\/\/rheconcept.net\/index.php\/wp-json\/wp\/v2\/types\/page"}],"author":[{"embeddable":true,"href":"https:\/\/rheconcept.net\/index.php\/wp-json\/wp\/v2\/users\/1"}],"replies":[{"embeddable":true,"href":"https:\/\/rheconcept.net\/index.php\/wp-json\/wp\/v2\/comments?post=428"}],"version-history":[{"count":25,"href":"https:\/\/rheconcept.net\/index.php\/wp-json\/wp\/v2\/pages\/428\/revisions"}],"predecessor-version":[{"id":989,"href":"https:\/\/rheconcept.net\/index.php\/wp-json\/wp\/v2\/pages\/428\/revisions\/989"}],"wp:featuredmedia":[{"embeddable":true,"href":"https:\/\/rheconcept.net\/index.php\/wp-json\/wp\/v2\/media\/771"}],"wp:attachment":[{"href":"https:\/\/rheconcept.net\/index.php\/wp-json\/wp\/v2\/media?parent=428"}],"curies":[{"name":"wp","href":"https:\/\/api.w.org\/{rel}","templated":true}]}}