{"id":857,"date":"2023-07-29T08:55:19","date_gmt":"2023-07-29T08:55:19","guid":{"rendered":"https:\/\/rheconcept.net\/?page_id=857"},"modified":"2023-09-05T09:05:31","modified_gmt":"2023-09-05T09:05:31","slug":"fermes-solaires-2","status":"publish","type":"page","link":"https:\/\/rheconcept.net\/index.php\/fermes-solaires-2\/","title":{"rendered":"Fermes solaires"},"content":{"rendered":"\n<h2 class=\"wp-block-heading has-black-color has-white-background-color has-text-color has-background has-medium-font-size\" style=\"font-style:normal;font-weight:400\">introduction:<\/h2>\n\n\n\n<p class=\"has-white-color has-vivid-purple-background-color has-text-color has-background has-medium-font-size\">De nos jours l&#8217;\u00e9nergie verte est co\u00fbteuse. La gasoil co\u00fbte ausssi et elle pose de grands probl\u00e8mes de logistique et de maintanance. La maitrise de solutions solaires efficaces nous permet de fournir des fermes solaires pour l&#8217;agriculture. Celles-ci sont autonomes. L&#8217;eau et l&#8217;\u00e9lectrcit\u00e9 sont grauites.<\/p>\n\n\n\n<h2 class=\"wp-block-heading has-black-color has-white-background-color has-text-color has-background has-medium-font-size\" style=\"font-style:normal;font-weight:400\">Fermes support\u00e9es:<\/h2>\n\n\n\n<p class=\"has-white-color has-vivid-purple-background-color has-text-color has-background has-medium-font-size\">Les besoins en eau d\u00e9pendent de vos cultures et de la sup\u00e9rficie de vos fermes solaires. Vos besoins en \u00e9nergie d\u00e9pendent des annexes install\u00e9es sur votre ferme. La technologie solaire RHE permet aujourd&#8217;hui d&#8217;offrir des pompes solaires allant \u00e0 5000m3\/jour et des g\u00e9nerateurs d&#8217;\u00e9lectricit\u00e9 photovolta\u00efque allant \u00e0 plusieurs mega Watt. Par cons\u00e9quent nous pouvons couvrir des fermes solaires allant \u00e0 1000 hectares.<\/p>\n\n\n\n<h2 class=\"wp-block-heading has-black-color has-white-background-color has-text-color has-background has-medium-font-size\" style=\"font-style:normal;font-weight:400\">Sources d&#8217;eau pour vos fermes solaires:<\/h2>\n\n\n\n<p class=\"has-white-color has-vivid-purple-background-color has-text-color has-background has-medium-font-size\">Nos pompes solaires au fil du soleil permettent de pomper de l&#8217;eau \u00e0 volont\u00e9 de vos forages ou de vos rivi\u00e8res. Le d\u00e9bit avec une pompe unique peut aller \u00e0 5000 m3\/j. La profondeur de forage va \u00e0 500 m. Ainsi nos pompes solaires vous fourniront l&#8217;eau dont vous avez besoin pour irriguer.<\/p>\n\n\n\n<h2 class=\"wp-block-heading has-black-color has-white-background-color has-text-color has-background has-medium-font-size\" style=\"font-style:normal;font-weight:400\">Source en \u00e9nergie pour vos fermes solaires:<\/h2>\n\n\n\n<p class=\"has-white-color has-vivid-purple-background-color has-text-color has-background has-medium-font-size\">Votre ferme a besoin d&#8217;\u00e9nergie pour l&#8217;\u00e9clairage et les machines annexes qui y sont install\u00e9es. Nos g\u00e9n\u00e9rateurs d&#8217;\u00e9lectriciit\u00e9 photovolta\u00efque vont de quelque kW \u00e0 plusieurs MW.  Selon vous exigences nos solutions vous fourniront ce dont vous avez besoin.<\/p>\n\n\n\n<h2 class=\"wp-block-heading has-black-color has-white-background-color has-text-color has-background has-medium-font-size\" style=\"font-style:normal;font-weight:400\">Cahier des charge de vos fermes solaires:<\/h2>\n\n\n\n<p class=\"has-white-color has-vivid-purple-background-color has-text-color has-background has-medium-font-size\">Le cahier des charges est indispensable. Il permet de construire des solutions qui r\u00e9pondent bien \u00e0 vos attentes. Si vous n&#8217;avez pas de cahier des charges nos Ing\u00e9nieurs peuvent l&#8217;\u00e8crire pour vous en vous consillant au mieux. Ainsi nous pourrons \u00e9stimer vos besoins en eau et \u00e9lectricit\u00e9.<\/p>\n\n\n\n<h2 class=\"wp-block-heading has-black-color has-white-background-color has-text-color has-background has-medium-font-size\" style=\"font-style:normal;font-weight:400\">Notre fourniture pour vos fermes solaires:<\/h2>\n\n\n\n<p class=\"has-white-color has-vivid-purple-background-color has-text-color has-background has-medium-font-size\">Nous fournissons toutes les installations pour pomper et distribuer l&#8217;eau. Pour les fermes animali\u00e8res nous fournissons des distributeurs automatiques d&#8217;eau pour des b\u00eates en enclos. Nous fournissons \u00e9galement les G\u00e9nerateurs d&#8217;\u00e9lectricit\u00e9 gratuite n\u00e9cessaire au bon fonctionnement de vos installations. Et selon vos attentes nous pourrons r\u00e9aliser une \u00e9tude compl\u00e8te de votre ferme.<\/p>\n\n\n\n<p class=\"has-black-color has-white-background-color has-text-color has-background has-medium-font-size\">Amortissement de fermes solaires:<\/p>\n\n\n\n<p class=\"has-white-color has-vivid-purple-background-color has-text-color has-background has-medium-font-size\">L&#8217;ammortissement des installations solaires est rendu rapide grace au co\u00fbt \u00e9lev\u00e9 de l&#8217;\u00e9nergie et de la gasoil. Parceque vos pompes solaires pompent gratuitement l&#8217;eau et votre \u00e9lectricit\u00e9 solaire est produite gratuitement. Ainsi, ce retour d&#8217;investissement varie de deux ann\u00e9es \u00e0 5 ans au plus. Aussi, le remplacement des groupes \u00e9lectrog\u00e8nes va vous lib\u00e9rer du co\u00fbt du carburant et des probl\u00e8mes de logistique et de maintenance.<\/p>\n\n\n\n<h2 class=\"wp-block-heading has-white-background-color has-background has-medium-font-size\" style=\"font-style:normal;font-weight:400\">Conclusion:<\/h2>\n\n\n\n<p class=\"has-white-color has-vivid-purple-background-color has-text-color has-background has-medium-font-size\">Avec notre facture proforma, nous fournissons un plan d&#8217; amortissement. Lib\u00e9rez vous des charges fixes, des contraintes et des nuisances sonores, Gagnez en productivit\u00e9 en r\u00e9duisant vos frais pour vos fermes.<\/p>\n\n\n\n<p><\/p>\n\n\n\n<div class=\"wp-block-buttons is-content-justification-center is-layout-flex wp-container-core-buttons-is-layout-1 wp-block-buttons-is-layout-flex\">\n<div class=\"wp-block-button has-custom-width wp-block-button__width-25 has-custom-font-size has-medium-font-size\"><a class=\"wp-block-button__link wp-element-button\" href=\"https:\/\/rheconcept.net\/index.php\/fermes-solaires-2\/\" target=\"_blank\" rel=\"noreferrer noopener\">Rafraichir<\/a><\/div>\n\n\n\n<div class=\"wp-block-button has-custom-width wp-block-button__width-50 has-custom-font-size has-medium-font-size\"><a class=\"wp-block-button__link wp-element-button\" href=\"https:\/\/youtu.be\/N2LG7bm8Vu4\" target=\"_blank\" rel=\"noreferrer noopener\">Vid\u00e9o Youtube<\/a><\/div>\n<\/div>\n","protected":false},"excerpt":{"rendered":"<p>introduction: De nos jours l&#8217;\u00e9nergie verte est co\u00fbteuse. La gasoil co\u00fbte ausssi et elle pose de grands probl\u00e8mes de logistique et de maintanance. La maitrise de solutions solaires efficaces nous permet de fournir des fermes solaires pour l&#8217;agriculture. Celles-ci sont autonomes. L&#8217;eau et l&#8217;\u00e9lectrcit\u00e9 sont grauites. Fermes support\u00e9es: Les besoins&hellip;<a href=\"https:\/\/rheconcept.net\/index.php\/fermes-solaires-2\/\" class=\"more-link\"><span class=\"more-button\">Lisez plus<span class=\"screen-reader-text\">Fermes solaires<\/span><\/span><\/a><\/p>\n","protected":false},"author":1,"featured_media":178,"parent":0,"menu_order":0,"comment_status":"closed","ping_status":"closed","template":"","meta":{"_pvb_checkbox_block_on_post":false,"footnotes":""},"class_list":["post-857","page","type-page","status-publish","has-post-thumbnail","hentry"],"yoast_head":"<!-- This site is optimized with the Yoast SEO Premium plugin v23.1 (Yoast SEO v23.1) - https:\/\/yoast.com\/wordpress\/plugins\/seo\/ -->\n<title>fermes solaires - www.rheconcept.net<\/title>\n<meta name=\"description\" content=\"Les frais de fonctionnement des fermes solaires sont r\u00e9duits par la fourniture d&#039;eau et d&#039;\u00e9nergie gratuitement. La gasoil \u00e9tant co\u00fbteuse.\" \/>\n<meta name=\"robots\" content=\"index, follow, max-snippet:-1, max-image-preview:large, max-video-preview:-1\" \/>\n<link rel=\"canonical\" href=\"https:\/\/rheconcept.net\/index.php\/fermes-solaires-2\/\" \/>\n<meta property=\"og:locale\" content=\"en_US\" \/>\n<meta property=\"og:type\" content=\"article\" \/>\n<meta property=\"og:title\" content=\"Fermes solaires\" \/>\n<meta property=\"og:description\" content=\"Les frais de fonctionnement des fermes solaires sont r\u00e9duits par la fourniture d&#039;eau et d&#039;\u00e9nergie gratuitement. La gasoil \u00e9tant co\u00fbteuse.\" \/>\n<meta property=\"og:url\" content=\"https:\/\/rheconcept.net\/index.php\/fermes-solaires-2\/\" \/>\n<meta property=\"og:site_name\" content=\"Vos solutions solaires efficaces\" \/>\n<meta property=\"article:modified_time\" content=\"2023-09-05T09:05:31+00:00\" \/>\n<meta property=\"og:image\" content=\"https:\/\/rheconcept.net\/wp-content\/uploads\/2023\/01\/pub-pompes-hydrauliques-18042018.jpg\" \/>\n\t<meta property=\"og:image:width\" content=\"1280\" \/>\n\t<meta property=\"og:image:height\" content=\"720\" \/>\n\t<meta property=\"og:image:type\" content=\"image\/jpeg\" \/>\n<meta name=\"twitter:card\" content=\"summary_large_image\" \/>\n<meta name=\"twitter:label1\" content=\"Est. reading time\" \/>\n\t<meta name=\"twitter:data1\" content=\"2 minutes\" \/>\n<script type=\"application\/ld+json\" class=\"yoast-schema-graph\">{\"@context\":\"https:\/\/schema.org\",\"@graph\":[{\"@type\":\"WebPage\",\"@id\":\"https:\/\/rheconcept.net\/index.php\/fermes-solaires-2\/\",\"url\":\"https:\/\/rheconcept.net\/index.php\/fermes-solaires-2\/\",\"name\":\"fermes solaires - www.rheconcept.net\",\"isPartOf\":{\"@id\":\"https:\/\/rheconcept.net\/#website\"},\"primaryImageOfPage\":{\"@id\":\"https:\/\/rheconcept.net\/index.php\/fermes-solaires-2\/#primaryimage\"},\"image\":{\"@id\":\"https:\/\/rheconcept.net\/index.php\/fermes-solaires-2\/#primaryimage\"},\"thumbnailUrl\":\"https:\/\/rheconcept.net\/wp-content\/uploads\/2023\/01\/pub-pompes-hydrauliques-18042018.jpg\",\"datePublished\":\"2023-07-29T08:55:19+00:00\",\"dateModified\":\"2023-09-05T09:05:31+00:00\",\"description\":\"Les frais de fonctionnement des fermes solaires sont r\u00e9duits par la fourniture d'eau et d'\u00e9nergie gratuitement. La gasoil \u00e9tant co\u00fbteuse.\",\"breadcrumb\":{\"@id\":\"https:\/\/rheconcept.net\/index.php\/fermes-solaires-2\/#breadcrumb\"},\"inLanguage\":\"en-US\",\"potentialAction\":[{\"@type\":\"ReadAction\",\"target\":[\"https:\/\/rheconcept.net\/index.php\/fermes-solaires-2\/\"]}]},{\"@type\":\"ImageObject\",\"inLanguage\":\"en-US\",\"@id\":\"https:\/\/rheconcept.net\/index.php\/fermes-solaires-2\/#primaryimage\",\"url\":\"https:\/\/rheconcept.net\/wp-content\/uploads\/2023\/01\/pub-pompes-hydrauliques-18042018.jpg\",\"contentUrl\":\"https:\/\/rheconcept.net\/wp-content\/uploads\/2023\/01\/pub-pompes-hydrauliques-18042018.jpg\",\"width\":1280,\"height\":720,\"caption\":\"pompage fermes solaires\"},{\"@type\":\"BreadcrumbList\",\"@id\":\"https:\/\/rheconcept.net\/index.php\/fermes-solaires-2\/#breadcrumb\",\"itemListElement\":[{\"@type\":\"ListItem\",\"position\":1,\"name\":\"Home\",\"item\":\"https:\/\/rheconcept.net\/\"},{\"@type\":\"ListItem\",\"position\":2,\"name\":\"Fermes solaires\"}]},{\"@type\":\"WebSite\",\"@id\":\"https:\/\/rheconcept.net\/#website\",\"url\":\"https:\/\/rheconcept.net\/\",\"name\":\"Vos solutions solaires efficaces\",\"description\":\"www.rheconcept.net \",\"publisher\":{\"@id\":\"https:\/\/rheconcept.net\/#organization\"},\"potentialAction\":[{\"@type\":\"SearchAction\",\"target\":{\"@type\":\"EntryPoint\",\"urlTemplate\":\"https:\/\/rheconcept.net\/?s={search_term_string}\"},\"query-input\":\"required name=search_term_string\"}],\"inLanguage\":\"en-US\"},{\"@type\":\"Organization\",\"@id\":\"https:\/\/rheconcept.net\/#organization\",\"name\":\"Vos solutions solaires efficaces\",\"url\":\"https:\/\/rheconcept.net\/\",\"logo\":{\"@type\":\"ImageObject\",\"inLanguage\":\"en-US\",\"@id\":\"https:\/\/rheconcept.net\/#\/schema\/logo\/image\/\",\"url\":\"https:\/\/rheconcept.net\/wp-content\/uploads\/2023\/01\/Logo-2023-e1675518705647.png\",\"contentUrl\":\"https:\/\/rheconcept.net\/wp-content\/uploads\/2023\/01\/Logo-2023-e1675518705647.png\",\"width\":65,\"height\":67,\"caption\":\"Vos solutions solaires efficaces\"},\"image\":{\"@id\":\"https:\/\/rheconcept.net\/#\/schema\/logo\/image\/\"},\"sameAs\":[\"https:\/\/www.youtube.com\"]}]}<\/script>\n<!-- \/ Yoast SEO Premium plugin. -->","yoast_head_json":{"title":"fermes solaires - www.rheconcept.net","description":"Les frais de fonctionnement des fermes solaires sont r\u00e9duits par la fourniture d'eau et d'\u00e9nergie gratuitement. La gasoil \u00e9tant co\u00fbteuse.","robots":{"index":"index","follow":"follow","max-snippet":"max-snippet:-1","max-image-preview":"max-image-preview:large","max-video-preview":"max-video-preview:-1"},"canonical":"https:\/\/rheconcept.net\/index.php\/fermes-solaires-2\/","og_locale":"en_US","og_type":"article","og_title":"Fermes solaires","og_description":"Les frais de fonctionnement des fermes solaires sont r\u00e9duits par la fourniture d'eau et d'\u00e9nergie gratuitement. La gasoil \u00e9tant co\u00fbteuse.","og_url":"https:\/\/rheconcept.net\/index.php\/fermes-solaires-2\/","og_site_name":"Vos solutions solaires efficaces","article_modified_time":"2023-09-05T09:05:31+00:00","og_image":[{"width":1280,"height":720,"url":"https:\/\/rheconcept.net\/wp-content\/uploads\/2023\/01\/pub-pompes-hydrauliques-18042018.jpg","type":"image\/jpeg"}],"twitter_card":"summary_large_image","twitter_misc":{"Est. reading time":"2 minutes"},"schema":{"@context":"https:\/\/schema.org","@graph":[{"@type":"WebPage","@id":"https:\/\/rheconcept.net\/index.php\/fermes-solaires-2\/","url":"https:\/\/rheconcept.net\/index.php\/fermes-solaires-2\/","name":"fermes solaires - www.rheconcept.net","isPartOf":{"@id":"https:\/\/rheconcept.net\/#website"},"primaryImageOfPage":{"@id":"https:\/\/rheconcept.net\/index.php\/fermes-solaires-2\/#primaryimage"},"image":{"@id":"https:\/\/rheconcept.net\/index.php\/fermes-solaires-2\/#primaryimage"},"thumbnailUrl":"https:\/\/rheconcept.net\/wp-content\/uploads\/2023\/01\/pub-pompes-hydrauliques-18042018.jpg","datePublished":"2023-07-29T08:55:19+00:00","dateModified":"2023-09-05T09:05:31+00:00","description":"Les frais de fonctionnement des fermes solaires sont r\u00e9duits par la fourniture d'eau et d'\u00e9nergie gratuitement. La gasoil \u00e9tant co\u00fbteuse.","breadcrumb":{"@id":"https:\/\/rheconcept.net\/index.php\/fermes-solaires-2\/#breadcrumb"},"inLanguage":"en-US","potentialAction":[{"@type":"ReadAction","target":["https:\/\/rheconcept.net\/index.php\/fermes-solaires-2\/"]}]},{"@type":"ImageObject","inLanguage":"en-US","@id":"https:\/\/rheconcept.net\/index.php\/fermes-solaires-2\/#primaryimage","url":"https:\/\/rheconcept.net\/wp-content\/uploads\/2023\/01\/pub-pompes-hydrauliques-18042018.jpg","contentUrl":"https:\/\/rheconcept.net\/wp-content\/uploads\/2023\/01\/pub-pompes-hydrauliques-18042018.jpg","width":1280,"height":720,"caption":"pompage fermes solaires"},{"@type":"BreadcrumbList","@id":"https:\/\/rheconcept.net\/index.php\/fermes-solaires-2\/#breadcrumb","itemListElement":[{"@type":"ListItem","position":1,"name":"Home","item":"https:\/\/rheconcept.net\/"},{"@type":"ListItem","position":2,"name":"Fermes solaires"}]},{"@type":"WebSite","@id":"https:\/\/rheconcept.net\/#website","url":"https:\/\/rheconcept.net\/","name":"Vos solutions solaires efficaces","description":"www.rheconcept.net ","publisher":{"@id":"https:\/\/rheconcept.net\/#organization"},"potentialAction":[{"@type":"SearchAction","target":{"@type":"EntryPoint","urlTemplate":"https:\/\/rheconcept.net\/?s={search_term_string}"},"query-input":"required name=search_term_string"}],"inLanguage":"en-US"},{"@type":"Organization","@id":"https:\/\/rheconcept.net\/#organization","name":"Vos solutions solaires efficaces","url":"https:\/\/rheconcept.net\/","logo":{"@type":"ImageObject","inLanguage":"en-US","@id":"https:\/\/rheconcept.net\/#\/schema\/logo\/image\/","url":"https:\/\/rheconcept.net\/wp-content\/uploads\/2023\/01\/Logo-2023-e1675518705647.png","contentUrl":"https:\/\/rheconcept.net\/wp-content\/uploads\/2023\/01\/Logo-2023-e1675518705647.png","width":65,"height":67,"caption":"Vos solutions solaires efficaces"},"image":{"@id":"https:\/\/rheconcept.net\/#\/schema\/logo\/image\/"},"sameAs":["https:\/\/www.youtube.com"]}]}},"_links":{"self":[{"href":"https:\/\/rheconcept.net\/index.php\/wp-json\/wp\/v2\/pages\/857"}],"collection":[{"href":"https:\/\/rheconcept.net\/index.php\/wp-json\/wp\/v2\/pages"}],"about":[{"href":"https:\/\/rheconcept.net\/index.php\/wp-json\/wp\/v2\/types\/page"}],"author":[{"embeddable":true,"href":"https:\/\/rheconcept.net\/index.php\/wp-json\/wp\/v2\/users\/1"}],"replies":[{"embeddable":true,"href":"https:\/\/rheconcept.net\/index.php\/wp-json\/wp\/v2\/comments?post=857"}],"version-history":[{"count":23,"href":"https:\/\/rheconcept.net\/index.php\/wp-json\/wp\/v2\/pages\/857\/revisions"}],"predecessor-version":[{"id":990,"href":"https:\/\/rheconcept.net\/index.php\/wp-json\/wp\/v2\/pages\/857\/revisions\/990"}],"wp:featuredmedia":[{"embeddable":true,"href":"https:\/\/rheconcept.net\/index.php\/wp-json\/wp\/v2\/media\/178"}],"wp:attachment":[{"href":"https:\/\/rheconcept.net\/index.php\/wp-json\/wp\/v2\/media?parent=857"}],"curies":[{"name":"wp","href":"https:\/\/api.w.org\/{rel}","templated":true}]}}