{"id":963,"date":"2024-06-30T08:35:27","date_gmt":"2024-06-30T08:35:27","guid":{"rendered":"https:\/\/rheconcept.net\/?page_id=963"},"modified":"2024-06-30T09:08:38","modified_gmt":"2024-06-30T09:08:38","slug":"redirection","status":"publish","type":"page","link":"https:\/\/rheconcept.net\/index.php\/redirection\/","title":{"rendered":"Redirection."},"content":{"rendered":"\n<p class=\"has-black-color has-white-background-color has-text-color has-background has-link-color has-medium-font-size wp-elements-10d052e17b83513850fcc58d47043b69\"><strong>Redirection:<\/strong><\/p>\n\n\n\n<p class=\"has-white-color has-vivid-purple-background-color has-text-color has-background has-link-color has-medium-font-size wp-elements-3f0c10015b64befd65a39c1336b47527\">Suite \u00e0 mauvais services de l&#8217;h\u00e9bergeur de notre de site web: http:\/\/www.rheconcept.net, nous avons \u00e9tait contraints de changer brutalement de fournisseur. Maintenant que nous avons solutionn\u00e9 ce probl\u00e8me, nous assurons une redirection de certaines pages et des nombreux posts que nous avons \u00e9mis durant plusieurs ann\u00e9es.<\/p>\n\n\n\n<h2 class=\"wp-block-heading has-black-color has-white-background-color has-text-color has-background has-link-color has-medium-font-size wp-elements-805880bcd91823b6f34fbb21bfb9c648\"><strong>D\u00e9couvertes apr\u00e8s redirection:<\/strong><\/h2>\n\n\n\n<p class=\"has-white-color has-vivid-purple-background-color has-text-color has-background has-link-color has-medium-font-size wp-elements-8f286009a5a41eb4516a36c89f0f25a5\">Nous avons saisi cette opportunit\u00e9 pour redessiner deux nouveaux sites sites web avec une passerelle de communication entre. Le site .net est exclusivement r\u00e9serv\u00e9 au solaire. Le deuxi\u00e8me site qui se termine en .com est plus orient\u00e9 industriel. De ces deux sites, un boudon vous permet aussi d&#8217;acceder \u00e0 notre page Youtub. Vous y trouverez plus d&#8217;une trentaine de vid\u00e9os concernant notre marque et services. Grace la redirection, nous assurons la continuit\u00e9 pour tenir inform\u00e9s.<\/p>\n\n\n\n<h2 class=\"wp-block-heading has-black-color has-white-background-color has-text-color has-background has-link-color has-medium-font-size wp-elements-7b2c42bbeec4c025bf1342a8e3257028\"><strong>Continuit\u00e9 de notre offre suite redirection:<\/strong><\/h2>\n\n\n\n<p class=\"has-white-color has-vivid-purple-background-color has-text-color has-background has-link-color has-medium-font-size wp-elements-493afdabf713f84863210b5cccac14db\">Merci de nous contacter hrace \u00e0 la reduirection install\u00e9\u00e9. Vous constaterez que notre activit\u00e9 reste inchang\u00e9e. Par contre la gammes de produits est plus \u00e9tendue. Certes la topologie des sites a chang\u00e9e, mais vous y d\u00e9couvrirez toutes les promotions faites sur les anciens sites web. Nous avons introduit une gamme de produits OEM comme les micro-ondes et l&#8217;\u00e9clairage solaire. Pour les pays \u00e0 parit\u00e9 mon\u00e9taire basse, nous offrons une fabrication sous license pour quelques produits. Si vous ne trouvez pas une page sp\u00e9cifique \u00e0 chaque produit, ne soyez pas d\u00e9\u00e7us et merci de nous consulter.<\/p>\n\n\n\n<h2 class=\"wp-block-heading has-black-color has-white-background-color has-text-color has-background has-link-color has-medium-font-size wp-elements-ef5cfeb3290585f25212bbbda9fad948\"><strong>Site sociaux et redirection:<\/strong><\/h2>\n\n\n\n<p class=\"has-white-color has-vivid-purple-background-color has-text-color has-background has-link-color has-medium-font-size wp-elements-88acedd1934ef054759ff4aad9028879\">Nous sommes \u00e9galement sur LinkedIn depuis plus de dix ans. Bient\u00f4t, nous allons introduire une int\u00e9raction avec ce site social. Un nouveau bouton permettra une redirection directement sur notre page linkedIn. L\u00e0 aussi vous y d\u00e9couvrirez un grand nombres de posts et de vid\u00e9os sur  notre offre.<\/p>\n\n\n\n<h2 class=\"wp-block-heading has-black-color has-white-background-color has-text-color has-background has-link-color has-medium-font-size wp-elements-a71b8549972a82d8983eb5d784063a47\"><strong>Vos projets:<\/strong><\/h2>\n\n\n\n<p class=\"has-white-color has-vivid-purple-background-color has-text-color has-background has-link-color has-medium-font-size wp-elements-a78640b78297776d170fe7ef33af3c57\">Vos projets sont importants. pour les r\u00e9ussir, Il faut la bonne technologie. Pour tout renseignement compl\u00e8mentaire, n&#8217;h\u00e9sitez pas \u00e0 nous contacter.  Merci pour votre visite et heureux de vous revoir \u00e0 nouveau grace \u00e0 cette redirection.<\/p>\n\n\n\n<div class=\"wp-block-buttons is-layout-flex wp-block-buttons-is-layout-flex\">\n<div class=\"wp-block-button has-custom-width wp-block-button__width-50\"><a class=\"wp-block-button__link wp-element-button\" href=\"https:\/\/youtu.be\/oQvEKaFdA1k\">youtub<\/a><\/div>\n\n\n\n<div class=\"wp-block-button has-custom-width wp-block-button__width-50\"><a class=\"wp-block-button__link wp-element-button\" href=\"https:\/\/rheconcept.net\/?page_id=963\">rafraichir<\/a><\/div>\n<\/div>\n\n\n\n<p><\/p>\n","protected":false},"excerpt":{"rendered":"<p>Redirection: Suite \u00e0 mauvais services de l&#8217;h\u00e9bergeur de notre de site web: http:\/\/www.rheconcept.net, nous avons \u00e9tait contraints de changer brutalement de fournisseur. Maintenant que nous avons solutionn\u00e9 ce probl\u00e8me, nous assurons une redirection de certaines pages et des nombreux posts que nous avons \u00e9mis durant plusieurs ann\u00e9es. D\u00e9couvertes apr\u00e8s redirection:&hellip;<a href=\"https:\/\/rheconcept.net\/index.php\/redirection\/\" class=\"more-link\"><span class=\"more-button\">Lisez plus<span class=\"screen-reader-text\">Redirection.<\/span><\/span><\/a><\/p>\n","protected":false},"author":1,"featured_media":169,"parent":0,"menu_order":0,"comment_status":"closed","ping_status":"closed","template":"","meta":{"_pvb_checkbox_block_on_post":false,"footnotes":""},"class_list":["post-963","page","type-page","status-publish","has-post-thumbnail","hentry"],"yoast_head":"<!-- This site is optimized with the Yoast SEO Premium plugin v23.1 (Yoast SEO v23.1) - https:\/\/yoast.com\/wordpress\/plugins\/seo\/ -->\n<title>Redirection. - Vos solutions solaires efficaces<\/title>\n<meta name=\"description\" content=\"Nous n&#039;avons pas pu transf\u00e9rer notre ancien web pour raions independantes de nous. Cette page redirection preserver un lien avec vous.\" \/>\n<meta name=\"robots\" content=\"index, follow, max-snippet:-1, max-image-preview:large, max-video-preview:-1\" \/>\n<link rel=\"canonical\" href=\"https:\/\/rheconcept.net\/index.php\/redirection\/\" \/>\n<meta property=\"og:locale\" content=\"en_US\" \/>\n<meta property=\"og:type\" content=\"article\" \/>\n<meta property=\"og:title\" content=\"Redirection.\" \/>\n<meta property=\"og:description\" content=\"Nous n&#039;avons pas pu transf\u00e9rer notre ancien web pour raions independantes de nous. Cette page redirection preserver un lien avec vous.\" \/>\n<meta property=\"og:url\" content=\"https:\/\/rheconcept.net\/index.php\/redirection\/\" \/>\n<meta property=\"og:site_name\" content=\"Vos solutions solaires efficaces\" \/>\n<meta property=\"article:modified_time\" content=\"2024-06-30T09:08:38+00:00\" \/>\n<meta property=\"og:image\" content=\"https:\/\/rheconcept.net\/wp-content\/uploads\/2023\/01\/230V-Smart-lighting-kits.jpg\" \/>\n\t<meta property=\"og:image:width\" content=\"1754\" \/>\n\t<meta property=\"og:image:height\" content=\"1240\" \/>\n\t<meta property=\"og:image:type\" content=\"image\/jpeg\" \/>\n<meta name=\"twitter:card\" content=\"summary_large_image\" \/>\n<meta name=\"twitter:label1\" content=\"Est. reading time\" \/>\n\t<meta name=\"twitter:data1\" content=\"2 minutes\" \/>\n<script type=\"application\/ld+json\" class=\"yoast-schema-graph\">{\"@context\":\"https:\/\/schema.org\",\"@graph\":[{\"@type\":\"WebPage\",\"@id\":\"https:\/\/rheconcept.net\/index.php\/redirection\/\",\"url\":\"https:\/\/rheconcept.net\/index.php\/redirection\/\",\"name\":\"Redirection. - Vos solutions solaires efficaces\",\"isPartOf\":{\"@id\":\"https:\/\/rheconcept.net\/#website\"},\"primaryImageOfPage\":{\"@id\":\"https:\/\/rheconcept.net\/index.php\/redirection\/#primaryimage\"},\"image\":{\"@id\":\"https:\/\/rheconcept.net\/index.php\/redirection\/#primaryimage\"},\"thumbnailUrl\":\"https:\/\/rheconcept.net\/wp-content\/uploads\/2023\/01\/230V-Smart-lighting-kits.jpg\",\"datePublished\":\"2024-06-30T08:35:27+00:00\",\"dateModified\":\"2024-06-30T09:08:38+00:00\",\"description\":\"Nous n'avons pas pu transf\u00e9rer notre ancien web pour raions independantes de nous. Cette page redirection preserver un lien avec vous.\",\"breadcrumb\":{\"@id\":\"https:\/\/rheconcept.net\/index.php\/redirection\/#breadcrumb\"},\"inLanguage\":\"en-US\",\"potentialAction\":[{\"@type\":\"ReadAction\",\"target\":[\"https:\/\/rheconcept.net\/index.php\/redirection\/\"]}]},{\"@type\":\"ImageObject\",\"inLanguage\":\"en-US\",\"@id\":\"https:\/\/rheconcept.net\/index.php\/redirection\/#primaryimage\",\"url\":\"https:\/\/rheconcept.net\/wp-content\/uploads\/2023\/01\/230V-Smart-lighting-kits.jpg\",\"contentUrl\":\"https:\/\/rheconcept.net\/wp-content\/uploads\/2023\/01\/230V-Smart-lighting-kits.jpg\",\"width\":1754,\"height\":1240,\"caption\":\"redirection kits solaires\"},{\"@type\":\"BreadcrumbList\",\"@id\":\"https:\/\/rheconcept.net\/index.php\/redirection\/#breadcrumb\",\"itemListElement\":[{\"@type\":\"ListItem\",\"position\":1,\"name\":\"Home\",\"item\":\"https:\/\/rheconcept.net\/\"},{\"@type\":\"ListItem\",\"position\":2,\"name\":\"Redirection.\"}]},{\"@type\":\"WebSite\",\"@id\":\"https:\/\/rheconcept.net\/#website\",\"url\":\"https:\/\/rheconcept.net\/\",\"name\":\"Vos solutions solaires efficaces\",\"description\":\"www.rheconcept.net \",\"publisher\":{\"@id\":\"https:\/\/rheconcept.net\/#organization\"},\"potentialAction\":[{\"@type\":\"SearchAction\",\"target\":{\"@type\":\"EntryPoint\",\"urlTemplate\":\"https:\/\/rheconcept.net\/?s={search_term_string}\"},\"query-input\":\"required name=search_term_string\"}],\"inLanguage\":\"en-US\"},{\"@type\":\"Organization\",\"@id\":\"https:\/\/rheconcept.net\/#organization\",\"name\":\"Vos solutions solaires efficaces\",\"url\":\"https:\/\/rheconcept.net\/\",\"logo\":{\"@type\":\"ImageObject\",\"inLanguage\":\"en-US\",\"@id\":\"https:\/\/rheconcept.net\/#\/schema\/logo\/image\/\",\"url\":\"https:\/\/rheconcept.net\/wp-content\/uploads\/2023\/01\/Logo-2023-e1675518705647.png\",\"contentUrl\":\"https:\/\/rheconcept.net\/wp-content\/uploads\/2023\/01\/Logo-2023-e1675518705647.png\",\"width\":65,\"height\":67,\"caption\":\"Vos solutions solaires efficaces\"},\"image\":{\"@id\":\"https:\/\/rheconcept.net\/#\/schema\/logo\/image\/\"},\"sameAs\":[\"https:\/\/www.youtube.com\"]}]}<\/script>\n<!-- \/ Yoast SEO Premium plugin. -->","yoast_head_json":{"title":"Redirection. - Vos solutions solaires efficaces","description":"Nous n'avons pas pu transf\u00e9rer notre ancien web pour raions independantes de nous. Cette page redirection preserver un lien avec vous.","robots":{"index":"index","follow":"follow","max-snippet":"max-snippet:-1","max-image-preview":"max-image-preview:large","max-video-preview":"max-video-preview:-1"},"canonical":"https:\/\/rheconcept.net\/index.php\/redirection\/","og_locale":"en_US","og_type":"article","og_title":"Redirection.","og_description":"Nous n'avons pas pu transf\u00e9rer notre ancien web pour raions independantes de nous. Cette page redirection preserver un lien avec vous.","og_url":"https:\/\/rheconcept.net\/index.php\/redirection\/","og_site_name":"Vos solutions solaires efficaces","article_modified_time":"2024-06-30T09:08:38+00:00","og_image":[{"width":1754,"height":1240,"url":"https:\/\/rheconcept.net\/wp-content\/uploads\/2023\/01\/230V-Smart-lighting-kits.jpg","type":"image\/jpeg"}],"twitter_card":"summary_large_image","twitter_misc":{"Est. reading time":"2 minutes"},"schema":{"@context":"https:\/\/schema.org","@graph":[{"@type":"WebPage","@id":"https:\/\/rheconcept.net\/index.php\/redirection\/","url":"https:\/\/rheconcept.net\/index.php\/redirection\/","name":"Redirection. - Vos solutions solaires efficaces","isPartOf":{"@id":"https:\/\/rheconcept.net\/#website"},"primaryImageOfPage":{"@id":"https:\/\/rheconcept.net\/index.php\/redirection\/#primaryimage"},"image":{"@id":"https:\/\/rheconcept.net\/index.php\/redirection\/#primaryimage"},"thumbnailUrl":"https:\/\/rheconcept.net\/wp-content\/uploads\/2023\/01\/230V-Smart-lighting-kits.jpg","datePublished":"2024-06-30T08:35:27+00:00","dateModified":"2024-06-30T09:08:38+00:00","description":"Nous n'avons pas pu transf\u00e9rer notre ancien web pour raions independantes de nous. Cette page redirection preserver un lien avec vous.","breadcrumb":{"@id":"https:\/\/rheconcept.net\/index.php\/redirection\/#breadcrumb"},"inLanguage":"en-US","potentialAction":[{"@type":"ReadAction","target":["https:\/\/rheconcept.net\/index.php\/redirection\/"]}]},{"@type":"ImageObject","inLanguage":"en-US","@id":"https:\/\/rheconcept.net\/index.php\/redirection\/#primaryimage","url":"https:\/\/rheconcept.net\/wp-content\/uploads\/2023\/01\/230V-Smart-lighting-kits.jpg","contentUrl":"https:\/\/rheconcept.net\/wp-content\/uploads\/2023\/01\/230V-Smart-lighting-kits.jpg","width":1754,"height":1240,"caption":"redirection kits solaires"},{"@type":"BreadcrumbList","@id":"https:\/\/rheconcept.net\/index.php\/redirection\/#breadcrumb","itemListElement":[{"@type":"ListItem","position":1,"name":"Home","item":"https:\/\/rheconcept.net\/"},{"@type":"ListItem","position":2,"name":"Redirection."}]},{"@type":"WebSite","@id":"https:\/\/rheconcept.net\/#website","url":"https:\/\/rheconcept.net\/","name":"Vos solutions solaires efficaces","description":"www.rheconcept.net ","publisher":{"@id":"https:\/\/rheconcept.net\/#organization"},"potentialAction":[{"@type":"SearchAction","target":{"@type":"EntryPoint","urlTemplate":"https:\/\/rheconcept.net\/?s={search_term_string}"},"query-input":"required name=search_term_string"}],"inLanguage":"en-US"},{"@type":"Organization","@id":"https:\/\/rheconcept.net\/#organization","name":"Vos solutions solaires efficaces","url":"https:\/\/rheconcept.net\/","logo":{"@type":"ImageObject","inLanguage":"en-US","@id":"https:\/\/rheconcept.net\/#\/schema\/logo\/image\/","url":"https:\/\/rheconcept.net\/wp-content\/uploads\/2023\/01\/Logo-2023-e1675518705647.png","contentUrl":"https:\/\/rheconcept.net\/wp-content\/uploads\/2023\/01\/Logo-2023-e1675518705647.png","width":65,"height":67,"caption":"Vos solutions solaires efficaces"},"image":{"@id":"https:\/\/rheconcept.net\/#\/schema\/logo\/image\/"},"sameAs":["https:\/\/www.youtube.com"]}]}},"_links":{"self":[{"href":"https:\/\/rheconcept.net\/index.php\/wp-json\/wp\/v2\/pages\/963"}],"collection":[{"href":"https:\/\/rheconcept.net\/index.php\/wp-json\/wp\/v2\/pages"}],"about":[{"href":"https:\/\/rheconcept.net\/index.php\/wp-json\/wp\/v2\/types\/page"}],"author":[{"embeddable":true,"href":"https:\/\/rheconcept.net\/index.php\/wp-json\/wp\/v2\/users\/1"}],"replies":[{"embeddable":true,"href":"https:\/\/rheconcept.net\/index.php\/wp-json\/wp\/v2\/comments?post=963"}],"version-history":[{"count":13,"href":"https:\/\/rheconcept.net\/index.php\/wp-json\/wp\/v2\/pages\/963\/revisions"}],"predecessor-version":[{"id":976,"href":"https:\/\/rheconcept.net\/index.php\/wp-json\/wp\/v2\/pages\/963\/revisions\/976"}],"wp:featuredmedia":[{"embeddable":true,"href":"https:\/\/rheconcept.net\/index.php\/wp-json\/wp\/v2\/media\/169"}],"wp:attachment":[{"href":"https:\/\/rheconcept.net\/index.php\/wp-json\/wp\/v2\/media?parent=963"}],"curies":[{"name":"wp","href":"https:\/\/api.w.org\/{rel}","templated":true}]}}