{"id":98,"date":"2023-01-31T15:24:24","date_gmt":"2023-01-31T15:24:24","guid":{"rendered":"https:\/\/rheconcept.net\/?page_id=98"},"modified":"2023-07-29T08:18:13","modified_gmt":"2023-07-29T08:18:13","slug":"solutions-solaires","status":"publish","type":"page","link":"https:\/\/rheconcept.net\/index.php\/solutions-solaires\/","title":{"rendered":"Solutions solaires"},"content":{"rendered":"\n<p class=\"has-white-color has-vivid-purple-background-color has-text-color has-background has-medium-font-size\">Les solutions  solaires sont de differentes tailles. il y a les tr\u00e8s grosses r\u00e9serv\u00e9es au g\u00e9n\u00e9rateur d&#8217;\u00e9lectricit\u00e9 solaire. Celles de tailles moyennes sont destin\u00e9es \u00e0 la petite industrie, aux particuliers et \u00e1 l`agriculture. L&#8217;\u00e9clairage demande g\u00e9n\u00e9ralement des installations de faible puissance. L&#8217;\u00e9ventail est tr\u00e8s large. Mais nous disposons de tous les \u00e9l\u00e9ments de base pour construire vos installations effectives. Toutes nos solutions sont les livr\u00e9es completes, test\u00e9es et garanties.<\/p>\n\n\n\n<h2 class=\"has-black-color has-white-background-color has-text-color has-background has-medium-font-size wp-block-heading\" style=\"font-style:normal;font-weight:400\">Le march\u00e9 des solutions solaires:<\/h2>\n\n\n\n<p class=\"has-white-color has-vivid-purple-background-color has-text-color has-background has-medium-font-size\">Les grosses solutions sont g\u00e9n\u00e9ralement trait\u00e9es par les fabricants en direct. Parceque les clients, pour des questions de garantie, pr\u00e9f\u00e8rent travailler directement avec le fabricant. Par contre les moyennes et petites installations constituent un excellent march\u00e9 pour la Distribution. Ainsi le Distributeur va revendre des solutions pr\u00eates \u00e0 installation avec une garantie s\u00e9rieuse. <\/p>\n\n\n\n<h2 class=\"has-black-color has-white-background-color has-text-color has-background has-medium-font-size wp-block-heading\" style=\"font-style:normal;font-weight:400\">Crit\u00e8res de choix pour les solutions solaires:<\/h2>\n\n\n\n<p class=\"has-white-color has-vivid-purple-background-color has-text-color has-background has-medium-font-size\">Une solution solaire est un investissement qu&#8217;il faut amortir. Pour ce faire il faut que la solution soit efficace pour produire et robuste pour durer m\u00eame apr\u00e8s amortissement. Pour acheter malin, il faut corr\u00e9ler l&#8217;\u00e9nergie produite au co\u00fbt de la solution. Ne faites pas comme la personne qui ach\u00e8te avec un cr\u00e9dit de cinq ans, une voiture de mauvaise qualit\u00e9. Sure, cette personne va continuer \u00e1 rembourser sa banque alors que sa voiture est inutilisable. Pour clarifier ce d\u00e9tail important, nous fournissons un plan d&#8217;amortissement avec notre facture proforma.<\/p>\n\n\n\n<p><\/p>\n\n\n\n<h2 class=\"has-black-color has-white-background-color has-text-color has-background has-medium-font-size wp-block-heading\" style=\"font-style:normal;font-weight:400\">Installation et service apr\u00e8s vente de soltions solaires:<\/h2>\n\n\n\n<p class=\"has-white-color has-vivid-purple-background-color has-text-color has-background has-medium-font-size\">Nous pouvons installer vos \u00e9quipements ou vous former pour assurer l&#8217;installation et le service apr\u00e8s vente aux clients. Cette formation pourra se faire sur votre site avec le mat\u00e9riel livr\u00e9, par vid\u00e9o conf\u00e9rence avant livraison ou pendant la r\u00e9ception de vos \u00e9quipements dans nos murs.<\/p>\n\n\n\n<h2 class=\"has-black-color has-white-background-color has-text-color has-background has-medium-font-size wp-block-heading\" style=\"font-style:normal;font-weight:400\">Audit et conditions:<\/h2>\n\n\n\n<p class=\"has-white-color has-vivid-purple-background-color has-text-color has-background has-medium-font-size\">Nous acceptons des audits que de clients qui ont confirm\u00e9 leur commande. H\u00e9las sans commande ils ne peuvent pas v\u00e9rifier la conformit\u00e9 du mat\u00e9riel avec leur commande. Par contre, ils sont les bienvenus pour les renseigner en vid\u00e9os conf\u00e9rence.<\/p>\n\n\n\n<div class=\"wp-block-buttons is-content-justification-center is-layout-flex wp-container-core-buttons-is-layout-1 wp-block-buttons-is-layout-flex\">\n<div class=\"wp-block-button has-custom-width wp-block-button__width-25 has-custom-font-size has-medium-font-size\"><a class=\"wp-block-button__link wp-element-button\" href=\"https:\/\/youtu.be\/aCEidbW4UeI\" target=\"_blank\" rel=\"noreferrer noopener\">Vid\u00e9os<\/a><\/div>\n\n\n\n<div class=\"wp-block-button has-custom-width wp-block-button__width-25 has-custom-font-size has-medium-font-size\"><a class=\"wp-block-button__link wp-element-button\" href=\"www.rheconcept.net\/solutions-solaires\" target=\"_blank\" rel=\"noreferrer noopener\">Rafraichir<\/a><\/div>\n<\/div>\n","protected":false},"excerpt":{"rendered":"<p>Les solutions solaires sont de differentes tailles. il y a les tr\u00e8s grosses r\u00e9serv\u00e9es au g\u00e9n\u00e9rateur d&#8217;\u00e9lectricit\u00e9 solaire. Celles de tailles moyennes sont destin\u00e9es \u00e0 la petite industrie, aux particuliers et \u00e1 l`agriculture. L&#8217;\u00e9clairage demande g\u00e9n\u00e9ralement des installations de faible puissance. L&#8217;\u00e9ventail est tr\u00e8s large. Mais nous disposons de tous&hellip;<a href=\"https:\/\/rheconcept.net\/index.php\/solutions-solaires\/\" class=\"more-link\"><span class=\"more-button\">Lisez plus<span class=\"screen-reader-text\">Solutions solaires<\/span><\/span><\/a><\/p>\n","protected":false},"author":1,"featured_media":331,"parent":0,"menu_order":0,"comment_status":"closed","ping_status":"closed","template":"","meta":{"_pvb_checkbox_block_on_post":false,"footnotes":""},"class_list":["post-98","page","type-page","status-publish","has-post-thumbnail","hentry"],"yoast_head":"<!-- This site is optimized with the Yoast SEO Premium plugin v23.1 (Yoast SEO v23.1) - https:\/\/yoast.com\/wordpress\/plugins\/seo\/ -->\n<title>solutions - www.rheconcept.net<\/title>\n<meta name=\"description\" content=\"Les solutions solaires permettent de vous \u00e9clairer, de pomper votre eau et de produire votre \u00e9lectricit\u00e9 photovolta\u00cfque gratuitement.\" \/>\n<meta name=\"robots\" content=\"index, follow, max-snippet:-1, max-image-preview:large, max-video-preview:-1\" \/>\n<link rel=\"canonical\" href=\"https:\/\/rheconcept.net\/index.php\/solutions-solaires\/\" \/>\n<meta property=\"og:locale\" content=\"en_US\" \/>\n<meta property=\"og:type\" content=\"article\" \/>\n<meta property=\"og:title\" content=\"Solutions solaires\" \/>\n<meta property=\"og:description\" content=\"Les solutions solaires permettent de vous \u00e9clairer, de pomper votre eau et de produire votre \u00e9lectricit\u00e9 photovolta\u00cfque gratuitement.\" \/>\n<meta property=\"og:url\" content=\"https:\/\/rheconcept.net\/index.php\/solutions-solaires\/\" \/>\n<meta property=\"og:site_name\" content=\"Vos solutions solaires efficaces\" \/>\n<meta property=\"article:modified_time\" content=\"2023-07-29T08:18:13+00:00\" \/>\n<meta property=\"og:image\" content=\"https:\/\/rheconcept.net\/wp-content\/uploads\/2023\/02\/Fiche-pompage-solaire-2023-1.png\" \/>\n\t<meta property=\"og:image:width\" content=\"1280\" \/>\n\t<meta property=\"og:image:height\" content=\"720\" \/>\n\t<meta property=\"og:image:type\" content=\"image\/png\" \/>\n<meta name=\"twitter:card\" content=\"summary_large_image\" \/>\n<meta name=\"twitter:label1\" content=\"Est. reading time\" \/>\n\t<meta name=\"twitter:data1\" content=\"2 minutes\" \/>\n<script type=\"application\/ld+json\" class=\"yoast-schema-graph\">{\"@context\":\"https:\/\/schema.org\",\"@graph\":[{\"@type\":\"WebPage\",\"@id\":\"https:\/\/rheconcept.net\/index.php\/solutions-solaires\/\",\"url\":\"https:\/\/rheconcept.net\/index.php\/solutions-solaires\/\",\"name\":\"solutions - www.rheconcept.net\",\"isPartOf\":{\"@id\":\"https:\/\/rheconcept.net\/#website\"},\"primaryImageOfPage\":{\"@id\":\"https:\/\/rheconcept.net\/index.php\/solutions-solaires\/#primaryimage\"},\"image\":{\"@id\":\"https:\/\/rheconcept.net\/index.php\/solutions-solaires\/#primaryimage\"},\"thumbnailUrl\":\"https:\/\/rheconcept.net\/wp-content\/uploads\/2023\/02\/Fiche-pompage-solaire-2023-1.png\",\"datePublished\":\"2023-01-31T15:24:24+00:00\",\"dateModified\":\"2023-07-29T08:18:13+00:00\",\"description\":\"Les solutions solaires permettent de vous \u00e9clairer, de pomper votre eau et de produire votre \u00e9lectricit\u00e9 photovolta\u00cfque gratuitement.\",\"breadcrumb\":{\"@id\":\"https:\/\/rheconcept.net\/index.php\/solutions-solaires\/#breadcrumb\"},\"inLanguage\":\"en-US\",\"potentialAction\":[{\"@type\":\"ReadAction\",\"target\":[\"https:\/\/rheconcept.net\/index.php\/solutions-solaires\/\"]}]},{\"@type\":\"ImageObject\",\"inLanguage\":\"en-US\",\"@id\":\"https:\/\/rheconcept.net\/index.php\/solutions-solaires\/#primaryimage\",\"url\":\"https:\/\/rheconcept.net\/wp-content\/uploads\/2023\/02\/Fiche-pompage-solaire-2023-1.png\",\"contentUrl\":\"https:\/\/rheconcept.net\/wp-content\/uploads\/2023\/02\/Fiche-pompage-solaire-2023-1.png\",\"width\":1280,\"height\":720,\"caption\":\"solutions de Pompage solaire\"},{\"@type\":\"BreadcrumbList\",\"@id\":\"https:\/\/rheconcept.net\/index.php\/solutions-solaires\/#breadcrumb\",\"itemListElement\":[{\"@type\":\"ListItem\",\"position\":1,\"name\":\"Home\",\"item\":\"https:\/\/rheconcept.net\/\"},{\"@type\":\"ListItem\",\"position\":2,\"name\":\"Solutions solaires\"}]},{\"@type\":\"WebSite\",\"@id\":\"https:\/\/rheconcept.net\/#website\",\"url\":\"https:\/\/rheconcept.net\/\",\"name\":\"Vos solutions solaires efficaces\",\"description\":\"www.rheconcept.net \",\"publisher\":{\"@id\":\"https:\/\/rheconcept.net\/#organization\"},\"potentialAction\":[{\"@type\":\"SearchAction\",\"target\":{\"@type\":\"EntryPoint\",\"urlTemplate\":\"https:\/\/rheconcept.net\/?s={search_term_string}\"},\"query-input\":\"required name=search_term_string\"}],\"inLanguage\":\"en-US\"},{\"@type\":\"Organization\",\"@id\":\"https:\/\/rheconcept.net\/#organization\",\"name\":\"Vos solutions solaires efficaces\",\"url\":\"https:\/\/rheconcept.net\/\",\"logo\":{\"@type\":\"ImageObject\",\"inLanguage\":\"en-US\",\"@id\":\"https:\/\/rheconcept.net\/#\/schema\/logo\/image\/\",\"url\":\"https:\/\/rheconcept.net\/wp-content\/uploads\/2023\/01\/Logo-2023-e1675518705647.png\",\"contentUrl\":\"https:\/\/rheconcept.net\/wp-content\/uploads\/2023\/01\/Logo-2023-e1675518705647.png\",\"width\":65,\"height\":67,\"caption\":\"Vos solutions solaires efficaces\"},\"image\":{\"@id\":\"https:\/\/rheconcept.net\/#\/schema\/logo\/image\/\"},\"sameAs\":[\"https:\/\/www.youtube.com\"]}]}<\/script>\n<!-- \/ Yoast SEO Premium plugin. -->","yoast_head_json":{"title":"solutions - www.rheconcept.net","description":"Les solutions solaires permettent de vous \u00e9clairer, de pomper votre eau et de produire votre \u00e9lectricit\u00e9 photovolta\u00cfque gratuitement.","robots":{"index":"index","follow":"follow","max-snippet":"max-snippet:-1","max-image-preview":"max-image-preview:large","max-video-preview":"max-video-preview:-1"},"canonical":"https:\/\/rheconcept.net\/index.php\/solutions-solaires\/","og_locale":"en_US","og_type":"article","og_title":"Solutions solaires","og_description":"Les solutions solaires permettent de vous \u00e9clairer, de pomper votre eau et de produire votre \u00e9lectricit\u00e9 photovolta\u00cfque gratuitement.","og_url":"https:\/\/rheconcept.net\/index.php\/solutions-solaires\/","og_site_name":"Vos solutions solaires efficaces","article_modified_time":"2023-07-29T08:18:13+00:00","og_image":[{"width":1280,"height":720,"url":"https:\/\/rheconcept.net\/wp-content\/uploads\/2023\/02\/Fiche-pompage-solaire-2023-1.png","type":"image\/png"}],"twitter_card":"summary_large_image","twitter_misc":{"Est. reading time":"2 minutes"},"schema":{"@context":"https:\/\/schema.org","@graph":[{"@type":"WebPage","@id":"https:\/\/rheconcept.net\/index.php\/solutions-solaires\/","url":"https:\/\/rheconcept.net\/index.php\/solutions-solaires\/","name":"solutions - www.rheconcept.net","isPartOf":{"@id":"https:\/\/rheconcept.net\/#website"},"primaryImageOfPage":{"@id":"https:\/\/rheconcept.net\/index.php\/solutions-solaires\/#primaryimage"},"image":{"@id":"https:\/\/rheconcept.net\/index.php\/solutions-solaires\/#primaryimage"},"thumbnailUrl":"https:\/\/rheconcept.net\/wp-content\/uploads\/2023\/02\/Fiche-pompage-solaire-2023-1.png","datePublished":"2023-01-31T15:24:24+00:00","dateModified":"2023-07-29T08:18:13+00:00","description":"Les solutions solaires permettent de vous \u00e9clairer, de pomper votre eau et de produire votre \u00e9lectricit\u00e9 photovolta\u00cfque gratuitement.","breadcrumb":{"@id":"https:\/\/rheconcept.net\/index.php\/solutions-solaires\/#breadcrumb"},"inLanguage":"en-US","potentialAction":[{"@type":"ReadAction","target":["https:\/\/rheconcept.net\/index.php\/solutions-solaires\/"]}]},{"@type":"ImageObject","inLanguage":"en-US","@id":"https:\/\/rheconcept.net\/index.php\/solutions-solaires\/#primaryimage","url":"https:\/\/rheconcept.net\/wp-content\/uploads\/2023\/02\/Fiche-pompage-solaire-2023-1.png","contentUrl":"https:\/\/rheconcept.net\/wp-content\/uploads\/2023\/02\/Fiche-pompage-solaire-2023-1.png","width":1280,"height":720,"caption":"solutions de Pompage solaire"},{"@type":"BreadcrumbList","@id":"https:\/\/rheconcept.net\/index.php\/solutions-solaires\/#breadcrumb","itemListElement":[{"@type":"ListItem","position":1,"name":"Home","item":"https:\/\/rheconcept.net\/"},{"@type":"ListItem","position":2,"name":"Solutions solaires"}]},{"@type":"WebSite","@id":"https:\/\/rheconcept.net\/#website","url":"https:\/\/rheconcept.net\/","name":"Vos solutions solaires efficaces","description":"www.rheconcept.net ","publisher":{"@id":"https:\/\/rheconcept.net\/#organization"},"potentialAction":[{"@type":"SearchAction","target":{"@type":"EntryPoint","urlTemplate":"https:\/\/rheconcept.net\/?s={search_term_string}"},"query-input":"required name=search_term_string"}],"inLanguage":"en-US"},{"@type":"Organization","@id":"https:\/\/rheconcept.net\/#organization","name":"Vos solutions solaires efficaces","url":"https:\/\/rheconcept.net\/","logo":{"@type":"ImageObject","inLanguage":"en-US","@id":"https:\/\/rheconcept.net\/#\/schema\/logo\/image\/","url":"https:\/\/rheconcept.net\/wp-content\/uploads\/2023\/01\/Logo-2023-e1675518705647.png","contentUrl":"https:\/\/rheconcept.net\/wp-content\/uploads\/2023\/01\/Logo-2023-e1675518705647.png","width":65,"height":67,"caption":"Vos solutions solaires efficaces"},"image":{"@id":"https:\/\/rheconcept.net\/#\/schema\/logo\/image\/"},"sameAs":["https:\/\/www.youtube.com"]}]}},"_links":{"self":[{"href":"https:\/\/rheconcept.net\/index.php\/wp-json\/wp\/v2\/pages\/98"}],"collection":[{"href":"https:\/\/rheconcept.net\/index.php\/wp-json\/wp\/v2\/pages"}],"about":[{"href":"https:\/\/rheconcept.net\/index.php\/wp-json\/wp\/v2\/types\/page"}],"author":[{"embeddable":true,"href":"https:\/\/rheconcept.net\/index.php\/wp-json\/wp\/v2\/users\/1"}],"replies":[{"embeddable":true,"href":"https:\/\/rheconcept.net\/index.php\/wp-json\/wp\/v2\/comments?post=98"}],"version-history":[{"count":21,"href":"https:\/\/rheconcept.net\/index.php\/wp-json\/wp\/v2\/pages\/98\/revisions"}],"predecessor-version":[{"id":843,"href":"https:\/\/rheconcept.net\/index.php\/wp-json\/wp\/v2\/pages\/98\/revisions\/843"}],"wp:featuredmedia":[{"embeddable":true,"href":"https:\/\/rheconcept.net\/index.php\/wp-json\/wp\/v2\/media\/331"}],"wp:attachment":[{"href":"https:\/\/rheconcept.net\/index.php\/wp-json\/wp\/v2\/media?parent=98"}],"curies":[{"name":"wp","href":"https:\/\/api.w.org\/{rel}","templated":true}]}}